{"id":4916,"date":"2020-05-11T12:40:46","date_gmt":"2020-05-11T12:40:46","guid":{"rendered":"https:\/\/boutique.notredamedelagarde.com\/?post_type=product&#038;p=4916\/"},"modified":"2023-05-24T14:28:56","modified_gmt":"2023-05-24T14:28:56","slug":"bonjour-marseille","status":"publish","type":"product","link":"https:\/\/boutique.notredamedelagarde.com\/fr\/product\/bonjour-marseille\/","title":{"rendered":"Bonjour Marseille !"},"content":{"rendered":"<p>Bonjour Marseille ! Et merci pour ce que j\u2019ai appris en cheminant avec toi. Tu en trouveras trace dans les quelques textes rassembl\u00e9s dans ce volume : \u00e9ditoriaux pour la revue dioc\u00e9saine, discours, hom\u00e9lies et r\u00e9flexions th\u00e9ologiques plus approfondies sur la vocation, le dialogue et la mission. Ces textes sont comme des cadeaux que je d\u00e9pose dans la corbeille de la mari\u00e9e au moment o\u00f9 nous nous mettons en route pour \u00e9crire ensemble, dans le souffle de l\u2019Esprit, de nouvelles pages de notre histoire apostolique. N\u2019ayons pas peur\u00a0: m\u00eame quand il y a de la temp\u00eate, le Seigneur veille sur la barque de notre \u00c9glise et sur tout le peuple qui vit ici. Et du haut de la colline, en nous montrant son Fils, la Vierge de la Garde nous murmure \u00e0 l\u2019oreille le secret de la joie\u00a0: garder toujours confiance en Dieu et lui demander humblement que tout se passe pour nous selon sa Parole.<\/p>\n<p>Monseigneur Jean-Marc Aveline, archev\u00eaque de Marseille<\/p>\n<p>Auteur : Jean-Marc Aveline<span class=\"author notFaded\" data-width=\"\"><br \/>\n<\/span>\u00c9diteur : Chemins de dialogue<br \/>\nDate de parution : 23\/01\/2020<\/p>\n","protected":false},"excerpt":{"rendered":"<p>Bonjour Marseille ! Et merci pour ce que j\u2019ai appris en cheminant avec toi. Tu en trouveras trace dans les quelques textes rassembl\u00e9s dans ce volume : \u00e9ditoriaux pour la revue dioc\u00e9saine, discours, hom\u00e9lies et r\u00e9flexions th\u00e9ologiques plus approfondies sur la vocation, le dialogue et la mission. Ces textes sont comme des cadeaux que je [&hellip;]<\/p>\n","protected":false},"featured_media":4919,"template":"","meta":[],"product_cat":[127],"product_tag":[],"acf":[],"_links":{"self":[{"href":"https:\/\/boutique.notredamedelagarde.com\/fr\/wp-json\/wp\/v2\/product\/4916"}],"collection":[{"href":"https:\/\/boutique.notredamedelagarde.com\/fr\/wp-json\/wp\/v2\/product"}],"about":[{"href":"https:\/\/boutique.notredamedelagarde.com\/fr\/wp-json\/wp\/v2\/types\/product"}],"wp:featuredmedia":[{"embeddable":true,"href":"https:\/\/boutique.notredamedelagarde.com\/fr\/wp-json\/wp\/v2\/media\/4919"}],"wp:attachment":[{"href":"https:\/\/boutique.notredamedelagarde.com\/fr\/wp-json\/wp\/v2\/media?parent=4916"}],"wp:term":[{"taxonomy":"product_cat","embeddable":true,"href":"https:\/\/boutique.notredamedelagarde.com\/fr\/wp-json\/wp\/v2\/product_cat?post=4916"},{"taxonomy":"product_tag","embeddable":true,"href":"https:\/\/boutique.notredamedelagarde.com\/fr\/wp-json\/wp\/v2\/product_tag?post=4916"}],"curies":[{"name":"wp","href":"https:\/\/api.w.org\/{rel}","templated":true}]}}