{"id":5091,"date":"2020-10-16T13:49:51","date_gmt":"2020-10-16T13:49:51","guid":{"rendered":"https:\/\/boutique.notredamedelagarde.com\/?post_type=product&#038;p=5091\/"},"modified":"2026-02-13T14:30:03","modified_gmt":"2026-02-13T14:30:03","slug":"boule-de-noel-notre-dame-de-la-garde","status":"publish","type":"product","link":"https:\/\/boutique.notredamedelagarde.com\/fr\/product\/boule-de-noel-notre-dame-de-la-garde\/","title":{"rendered":"Boule de No\u00ebl Notre-Dame de la Garde"},"content":{"rendered":"<p>Boule de No\u00ebl Notre-Dame de la Garde.<br \/>\nNotre-Dame de la Garde dans une boule de verre \u00e0 suspendre,<br \/>\npaillettes dor\u00e9es et fil dor\u00e9. 7 cm diam\u00e8tre.<br \/>\nConditionn\u00e9e dans une bo\u00eete plastifi\u00e9e.<\/p>\n<p>&nbsp;<\/p>\n","protected":false},"excerpt":{"rendered":"<p>Boule de No\u00ebl Notre-Dame de la Garde. Notre-Dame de la Garde dans une boule de verre \u00e0 suspendre, paillettes dor\u00e9es et fil dor\u00e9. 7 cm diam\u00e8tre. Conditionn\u00e9e dans une bo\u00eete plastifi\u00e9e. &nbsp;<\/p>\n","protected":false},"featured_media":5092,"template":"","meta":[],"product_cat":[32],"product_tag":[],"acf":[],"_links":{"self":[{"href":"https:\/\/boutique.notredamedelagarde.com\/fr\/wp-json\/wp\/v2\/product\/5091"}],"collection":[{"href":"https:\/\/boutique.notredamedelagarde.com\/fr\/wp-json\/wp\/v2\/product"}],"about":[{"href":"https:\/\/boutique.notredamedelagarde.com\/fr\/wp-json\/wp\/v2\/types\/product"}],"wp:featuredmedia":[{"embeddable":true,"href":"https:\/\/boutique.notredamedelagarde.com\/fr\/wp-json\/wp\/v2\/media\/5092"}],"wp:attachment":[{"href":"https:\/\/boutique.notredamedelagarde.com\/fr\/wp-json\/wp\/v2\/media?parent=5091"}],"wp:term":[{"taxonomy":"product_cat","embeddable":true,"href":"https:\/\/boutique.notredamedelagarde.com\/fr\/wp-json\/wp\/v2\/product_cat?post=5091"},{"taxonomy":"product_tag","embeddable":true,"href":"https:\/\/boutique.notredamedelagarde.com\/fr\/wp-json\/wp\/v2\/product_tag?post=5091"}],"curies":[{"name":"wp","href":"https:\/\/api.w.org\/{rel}","templated":true}]}}