{"id":5157,"date":"2020-10-24T13:33:27","date_gmt":"2020-10-24T13:33:27","guid":{"rendered":"https:\/\/boutique.notredamedelagarde.com\/?post_type=product&#038;p=5157\/"},"modified":"2023-05-24T14:28:57","modified_gmt":"2023-05-24T14:28:57","slug":"pere-noel-avec-sac-de-jouets","status":"publish","type":"product","link":"https:\/\/boutique.notredamedelagarde.com\/fr\/product\/pere-noel-avec-sac-de-jouets\/","title":{"rendered":"P\u00e8re No\u00ebl avec sac de jouets"},"content":{"rendered":"<p>Suspension P\u00e8re No\u00ebl avec sac de jouets.<br \/>\nFabriqu\u00e9 \u00e0 la main, r\u00e9sine de pierre de qualit\u00e9.<br \/>\nPeint \u00e0 la main, d\u00e9tails r\u00e9alistes.<br \/>\nCollection Jim Shore\u00a0<span class=\"s2\">Heartwood Creek collection d\u2019Enesco.<br \/>\n<\/span>Dimensions : Hauteur 12 cm x largeur 5 cm x 8 cm<\/p>\n","protected":false},"excerpt":{"rendered":"<p>Suspension P\u00e8re No\u00ebl avec sac de jouets. Fabriqu\u00e9 \u00e0 la main, r\u00e9sine de pierre de qualit\u00e9. Peint \u00e0 la main, d\u00e9tails r\u00e9alistes. Collection Jim Shore\u00a0Heartwood Creek collection d\u2019Enesco. Dimensions : Hauteur 12 cm x largeur 5 cm x 8 cm<\/p>\n","protected":false},"featured_media":5127,"template":"","meta":[],"product_cat":[128],"product_tag":[],"acf":[],"_links":{"self":[{"href":"https:\/\/boutique.notredamedelagarde.com\/fr\/wp-json\/wp\/v2\/product\/5157"}],"collection":[{"href":"https:\/\/boutique.notredamedelagarde.com\/fr\/wp-json\/wp\/v2\/product"}],"about":[{"href":"https:\/\/boutique.notredamedelagarde.com\/fr\/wp-json\/wp\/v2\/types\/product"}],"wp:featuredmedia":[{"embeddable":true,"href":"https:\/\/boutique.notredamedelagarde.com\/fr\/wp-json\/wp\/v2\/media\/5127"}],"wp:attachment":[{"href":"https:\/\/boutique.notredamedelagarde.com\/fr\/wp-json\/wp\/v2\/media?parent=5157"}],"wp:term":[{"taxonomy":"product_cat","embeddable":true,"href":"https:\/\/boutique.notredamedelagarde.com\/fr\/wp-json\/wp\/v2\/product_cat?post=5157"},{"taxonomy":"product_tag","embeddable":true,"href":"https:\/\/boutique.notredamedelagarde.com\/fr\/wp-json\/wp\/v2\/product_tag?post=5157"}],"curies":[{"name":"wp","href":"https:\/\/api.w.org\/{rel}","templated":true}]}}