{"id":5161,"date":"2020-10-24T13:41:28","date_gmt":"2020-10-24T13:41:28","guid":{"rendered":"https:\/\/boutique.notredamedelagarde.com\/?post_type=product&#038;p=5161\/"},"modified":"2023-05-24T14:28:57","modified_gmt":"2023-05-24T14:28:57","slug":"ange-de-la-nativite","status":"publish","type":"product","link":"https:\/\/boutique.notredamedelagarde.com\/fr\/product\/ange-de-la-nativite\/","title":{"rendered":"Ange de la nativit\u00e9"},"content":{"rendered":"<p>Ange de la Nativit\u00e9.<br \/>\nFabriqu\u00e9 \u00e0 la main, r\u00e9sine de pierre de qualit\u00e9.<br \/>\nPeint \u00e0 la main, d\u00e9tails r\u00e9alistes.<br \/>\nCollection Jim Shore\u00a0<span class=\"s2\">Heartwood Creek collection d\u2019Enesco.<br \/>\n<\/span>Dimensions : Hauteur 12 cm x largeur 5 cm x 8 cm<\/p>\n","protected":false},"excerpt":{"rendered":"<p>Ange de la Nativit\u00e9. Fabriqu\u00e9 \u00e0 la main, r\u00e9sine de pierre de qualit\u00e9. Peint \u00e0 la main, d\u00e9tails r\u00e9alistes. Collection Jim Shore\u00a0Heartwood Creek collection d\u2019Enesco. Dimensions : Hauteur 12 cm x largeur 5 cm x 8 cm<\/p>\n","protected":false},"featured_media":5135,"template":"","meta":[],"product_cat":[128],"product_tag":[],"acf":[],"_links":{"self":[{"href":"https:\/\/boutique.notredamedelagarde.com\/fr\/wp-json\/wp\/v2\/product\/5161"}],"collection":[{"href":"https:\/\/boutique.notredamedelagarde.com\/fr\/wp-json\/wp\/v2\/product"}],"about":[{"href":"https:\/\/boutique.notredamedelagarde.com\/fr\/wp-json\/wp\/v2\/types\/product"}],"wp:featuredmedia":[{"embeddable":true,"href":"https:\/\/boutique.notredamedelagarde.com\/fr\/wp-json\/wp\/v2\/media\/5135"}],"wp:attachment":[{"href":"https:\/\/boutique.notredamedelagarde.com\/fr\/wp-json\/wp\/v2\/media?parent=5161"}],"wp:term":[{"taxonomy":"product_cat","embeddable":true,"href":"https:\/\/boutique.notredamedelagarde.com\/fr\/wp-json\/wp\/v2\/product_cat?post=5161"},{"taxonomy":"product_tag","embeddable":true,"href":"https:\/\/boutique.notredamedelagarde.com\/fr\/wp-json\/wp\/v2\/product_tag?post=5161"}],"curies":[{"name":"wp","href":"https:\/\/api.w.org\/{rel}","templated":true}]}}