{"id":5165,"date":"2020-10-24T13:53:15","date_gmt":"2020-10-24T13:53:15","guid":{"rendered":"https:\/\/boutique.notredamedelagarde.com\/?post_type=product&#038;p=5165\/"},"modified":"2023-12-16T13:20:24","modified_gmt":"2023-12-16T13:20:24","slug":"ensemble-de-trois-suspensions-nordic-noel","status":"publish","type":"product","link":"https:\/\/boutique.notredamedelagarde.com\/fr\/product\/ensemble-de-trois-suspensions-nordic-noel\/","title":{"rendered":"Ensemble de trois suspensions Nordic No\u00ebl"},"content":{"rendered":"<p>Ensemble de trois pi\u00e8ces comprend une \u00e9toile, un c\u0153ur et un cardinal.<br \/>\nLe design s&rsquo;inspire des traditions de l&rsquo;art scandinave, en rouge et blanc.<br \/>\nFabriqu\u00e9 \u00e0 la main, r\u00e9sine de pierre de qualit\u00e9.<br \/>\nPeint \u00e0 la main, d\u00e9tails r\u00e9alistes.<br \/>\nCollection Jim Shore\u00a0<span class=\"s2\">Heartwood Creek collection d\u2019Enesco.<br \/>\n<\/span>Dimensions : Hauteur 7,3 cm x largeur 5 cm x \u00e9paisseur 0,5 cm.<\/p>\n","protected":false},"excerpt":{"rendered":"<p>Ensemble de trois pi\u00e8ces comprend une \u00e9toile, un c\u0153ur et un cardinal. Le design s&rsquo;inspire des traditions de l&rsquo;art scandinave, en rouge et blanc. Fabriqu\u00e9 \u00e0 la main, r\u00e9sine de pierre de qualit\u00e9. Peint \u00e0 la main, d\u00e9tails r\u00e9alistes. Collection Jim Shore\u00a0Heartwood Creek collection d\u2019Enesco. Dimensions : Hauteur 7,3 cm x largeur 5 cm x [&hellip;]<\/p>\n","protected":false},"featured_media":5123,"template":"","meta":[],"product_cat":[128],"product_tag":[],"acf":[],"_links":{"self":[{"href":"https:\/\/boutique.notredamedelagarde.com\/fr\/wp-json\/wp\/v2\/product\/5165"}],"collection":[{"href":"https:\/\/boutique.notredamedelagarde.com\/fr\/wp-json\/wp\/v2\/product"}],"about":[{"href":"https:\/\/boutique.notredamedelagarde.com\/fr\/wp-json\/wp\/v2\/types\/product"}],"wp:featuredmedia":[{"embeddable":true,"href":"https:\/\/boutique.notredamedelagarde.com\/fr\/wp-json\/wp\/v2\/media\/5123"}],"wp:attachment":[{"href":"https:\/\/boutique.notredamedelagarde.com\/fr\/wp-json\/wp\/v2\/media?parent=5165"}],"wp:term":[{"taxonomy":"product_cat","embeddable":true,"href":"https:\/\/boutique.notredamedelagarde.com\/fr\/wp-json\/wp\/v2\/product_cat?post=5165"},{"taxonomy":"product_tag","embeddable":true,"href":"https:\/\/boutique.notredamedelagarde.com\/fr\/wp-json\/wp\/v2\/product_tag?post=5165"}],"curies":[{"name":"wp","href":"https:\/\/api.w.org\/{rel}","templated":true}]}}