{"id":5250,"date":"2020-11-06T14:39:02","date_gmt":"2020-11-06T14:39:02","guid":{"rendered":"https:\/\/boutique.notredamedelagarde.com\/?post_type=product&#038;p=5250\/"},"modified":"2024-12-20T11:19:21","modified_gmt":"2024-12-20T11:19:21","slug":"statue-notre-dame-de-la-garde-en-albatre-50-cm","status":"publish","type":"product","link":"https:\/\/boutique.notredamedelagarde.com\/fr\/product\/statue-notre-dame-de-la-garde-en-albatre-50-cm\/","title":{"rendered":"Statue Notre-Dame de la Garde en alb\u00e2tre 15 cm"},"content":{"rendered":"<p>Statuette de Notre-Dame de la Garde en alb\u00e2tre.<br \/>\nHauteur 15 cm x Largeur 5 cm.<br \/>\nFabriqu\u00e9 en Gr\u00e8ce.<\/p>\n","protected":false},"excerpt":{"rendered":"<p>Statuette de Notre-Dame de la Garde en alb\u00e2tre. Hauteur 15 cm x Largeur 5 cm. Fabriqu\u00e9 en Gr\u00e8ce.<\/p>\n","protected":false},"featured_media":5297,"template":"","meta":[],"product_cat":[37],"product_tag":[],"acf":[],"_links":{"self":[{"href":"https:\/\/boutique.notredamedelagarde.com\/fr\/wp-json\/wp\/v2\/product\/5250"}],"collection":[{"href":"https:\/\/boutique.notredamedelagarde.com\/fr\/wp-json\/wp\/v2\/product"}],"about":[{"href":"https:\/\/boutique.notredamedelagarde.com\/fr\/wp-json\/wp\/v2\/types\/product"}],"wp:featuredmedia":[{"embeddable":true,"href":"https:\/\/boutique.notredamedelagarde.com\/fr\/wp-json\/wp\/v2\/media\/5297"}],"wp:attachment":[{"href":"https:\/\/boutique.notredamedelagarde.com\/fr\/wp-json\/wp\/v2\/media?parent=5250"}],"wp:term":[{"taxonomy":"product_cat","embeddable":true,"href":"https:\/\/boutique.notredamedelagarde.com\/fr\/wp-json\/wp\/v2\/product_cat?post=5250"},{"taxonomy":"product_tag","embeddable":true,"href":"https:\/\/boutique.notredamedelagarde.com\/fr\/wp-json\/wp\/v2\/product_tag?post=5250"}],"curies":[{"name":"wp","href":"https:\/\/api.w.org\/{rel}","templated":true}]}}