{"id":5261,"date":"2020-11-10T12:43:37","date_gmt":"2020-11-10T12:43:37","guid":{"rendered":"https:\/\/boutique.notredamedelagarde.com\/?post_type=product&#038;p=5261\/"},"modified":"2023-12-13T14:37:11","modified_gmt":"2023-12-13T14:37:11","slug":"creche-en-albatre","status":"publish","type":"product","link":"https:\/\/boutique.notredamedelagarde.com\/fr\/product\/creche-en-albatre\/","title":{"rendered":"Cr\u00e8che en alb\u00e2tre"},"content":{"rendered":"<p>Cr\u00e8che en alb\u00e2tre de la maison fran\u00e7aise Emany.<br \/>\n15 personnages : J\u00e9sus, Marie, Joseph, Ange,<br \/>\nles trois rois mages, le berger et ses deux moutons, les enfants,<br \/>\nle b\u0153uf,l&rsquo;\u00e2ne et le chameau.<br \/>\nHauteur des personnages : 14 cm.<\/p>\n<p>Cabane 95\u20ac\u00a0non incluse.<\/p>\n<p>&nbsp;<\/p>\n","protected":false},"excerpt":{"rendered":"<p>Cr\u00e8che en alb\u00e2tre de la maison fran\u00e7aise Emany. 15 personnages : J\u00e9sus, Marie, Joseph, Ange, les trois rois mages, le berger et ses deux moutons, les enfants, le b\u0153uf,l&rsquo;\u00e2ne et le chameau. Hauteur des personnages : 14 cm. Cabane 95\u20ac\u00a0non incluse. &nbsp;<\/p>\n","protected":false},"featured_media":5264,"template":"","meta":[],"product_cat":[32],"product_tag":[],"acf":[],"_links":{"self":[{"href":"https:\/\/boutique.notredamedelagarde.com\/fr\/wp-json\/wp\/v2\/product\/5261"}],"collection":[{"href":"https:\/\/boutique.notredamedelagarde.com\/fr\/wp-json\/wp\/v2\/product"}],"about":[{"href":"https:\/\/boutique.notredamedelagarde.com\/fr\/wp-json\/wp\/v2\/types\/product"}],"wp:featuredmedia":[{"embeddable":true,"href":"https:\/\/boutique.notredamedelagarde.com\/fr\/wp-json\/wp\/v2\/media\/5264"}],"wp:attachment":[{"href":"https:\/\/boutique.notredamedelagarde.com\/fr\/wp-json\/wp\/v2\/media?parent=5261"}],"wp:term":[{"taxonomy":"product_cat","embeddable":true,"href":"https:\/\/boutique.notredamedelagarde.com\/fr\/wp-json\/wp\/v2\/product_cat?post=5261"},{"taxonomy":"product_tag","embeddable":true,"href":"https:\/\/boutique.notredamedelagarde.com\/fr\/wp-json\/wp\/v2\/product_tag?post=5261"}],"curies":[{"name":"wp","href":"https:\/\/api.w.org\/{rel}","templated":true}]}}