{"id":5293,"date":"2020-11-10T13:27:32","date_gmt":"2020-11-10T13:27:32","guid":{"rendered":"https:\/\/boutique.notredamedelagarde.com\/?post_type=product&#038;p=5293\/"},"modified":"2023-05-24T14:28:58","modified_gmt":"2023-05-24T14:28:58","slug":"dvd-letoile-de-noel","status":"publish","type":"product","link":"https:\/\/boutique.notredamedelagarde.com\/fr\/product\/dvd-letoile-de-noel\/","title":{"rendered":"DVD \u00ab\u00a0L&rsquo;\u00e9toile de No\u00ebl\u00a0\u00bb"},"content":{"rendered":"<div class=\"column\">\n<p>L\u2019histoire d\u2019un petit \u00e2ne courageux, Bo, qui r\u00eave d\u2019une vie meilleure loin du train-train quotidien du moulin du village. <br \/>\nUn jour, il trouve le courage de se lib\u00e9rer pour vivre enfin la grande aventure ! <br \/>\nSur sa route, il va faire \u00e9quipe avec Ruth, une adorable brebis qui a perdu son troupeau, et Dave, une colombe aux nobles aspirations. <br \/>\nRejoint par trois chameaux d\u00e9jant\u00e9s et quelques animaux de la ferme plus excentriques les uns que les autres, <br \/>\nBo et ses nouveaux amis suivent l\u2019\u00c9toile\u2026 et vont devenir les h\u00e9ros m\u00e9connus de la plus belle histoire jamais cont\u00e9e : celle du premier No\u00ebl.<\/p>\n<\/div>\n<p>Bonus : Making of \u2013 l\u2019avant-premi\u00e8re du film \u00e0 Paris \u2013 3 clips musicaux<br \/>\nSAJE Distribution.<br \/>\n<label>DUR\u00c9E DVD :<\/label>\u00a082 mn<br \/>\n<label>FORMAT :<\/label>\u00a016\/9<br \/>\n<label>LANGUES :\u00a0<\/label>VF et VOSTFR<\/p>\n<p>&nbsp;<\/p>\n<p><iframe loading=\"lazy\" title=\"L&#039;\u00c9toile de No\u00ebl - Bande-annonce 2 - VF\" width=\"980\" height=\"551\" src=\"https:\/\/www.youtube.com\/embed\/0Yu_Rw-r3b0?feature=oembed\" frameborder=\"0\" allow=\"accelerometer; autoplay; clipboard-write; encrypted-media; gyroscope; picture-in-picture; web-share\" allowfullscreen><\/iframe><\/p>\n","protected":false},"excerpt":{"rendered":"<p>L\u2019histoire d\u2019un petit \u00e2ne courageux, Bo, qui r\u00eave d\u2019une vie meilleure loin du train-train quotidien du moulin du village. Un jour, il trouve le courage de se lib\u00e9rer pour vivre enfin la grande aventure ! Sur sa route, il va faire \u00e9quipe avec Ruth, une adorable brebis qui a perdu son troupeau, et Dave, une [&hellip;]<\/p>\n","protected":false},"featured_media":5294,"template":"","meta":[],"product_cat":[37],"product_tag":[],"acf":[],"_links":{"self":[{"href":"https:\/\/boutique.notredamedelagarde.com\/fr\/wp-json\/wp\/v2\/product\/5293"}],"collection":[{"href":"https:\/\/boutique.notredamedelagarde.com\/fr\/wp-json\/wp\/v2\/product"}],"about":[{"href":"https:\/\/boutique.notredamedelagarde.com\/fr\/wp-json\/wp\/v2\/types\/product"}],"wp:featuredmedia":[{"embeddable":true,"href":"https:\/\/boutique.notredamedelagarde.com\/fr\/wp-json\/wp\/v2\/media\/5294"}],"wp:attachment":[{"href":"https:\/\/boutique.notredamedelagarde.com\/fr\/wp-json\/wp\/v2\/media?parent=5293"}],"wp:term":[{"taxonomy":"product_cat","embeddable":true,"href":"https:\/\/boutique.notredamedelagarde.com\/fr\/wp-json\/wp\/v2\/product_cat?post=5293"},{"taxonomy":"product_tag","embeddable":true,"href":"https:\/\/boutique.notredamedelagarde.com\/fr\/wp-json\/wp\/v2\/product_tag?post=5293"}],"curies":[{"name":"wp","href":"https:\/\/api.w.org\/{rel}","templated":true}]}}