{"id":5335,"date":"2020-11-10T13:52:14","date_gmt":"2020-11-10T13:52:14","guid":{"rendered":"https:\/\/boutique.notredamedelagarde.com\/?post_type=product&#038;p=5335\/"},"modified":"2026-04-21T11:21:55","modified_gmt":"2026-04-21T11:21:55","slug":"statue-notre-dame-de-la-garde-en-albatre-50","status":"publish","type":"product","link":"https:\/\/boutique.notredamedelagarde.com\/fr\/product\/statue-notre-dame-de-la-garde-en-albatre-50\/","title":{"rendered":"Statue Notre-Dame de la Garde en alb\u00e2tre 40 cm"},"content":{"rendered":"<p>Grande statue de Notre-Dame de la Garde en alb\u00e2tre.<br \/>\nMod\u00e8le historique d&rsquo;un sculpteur fran\u00e7ais.<br \/>\nHauteur 40 cm x Largeur 12 cm (socle).<br \/>\nFabriqu\u00e9e en Gr\u00e8ce.<\/p>\n","protected":false},"excerpt":{"rendered":"<p>Grande statue de Notre-Dame de la Garde en alb\u00e2tre. Mod\u00e8le historique d&rsquo;un sculpteur fran\u00e7ais. Hauteur 40 cm x Largeur 12 cm (socle). Fabriqu\u00e9e en Gr\u00e8ce.<\/p>\n","protected":false},"featured_media":6871,"template":"","meta":[],"product_cat":[37],"product_tag":[],"acf":[],"_links":{"self":[{"href":"https:\/\/boutique.notredamedelagarde.com\/fr\/wp-json\/wp\/v2\/product\/5335"}],"collection":[{"href":"https:\/\/boutique.notredamedelagarde.com\/fr\/wp-json\/wp\/v2\/product"}],"about":[{"href":"https:\/\/boutique.notredamedelagarde.com\/fr\/wp-json\/wp\/v2\/types\/product"}],"wp:featuredmedia":[{"embeddable":true,"href":"https:\/\/boutique.notredamedelagarde.com\/fr\/wp-json\/wp\/v2\/media\/6871"}],"wp:attachment":[{"href":"https:\/\/boutique.notredamedelagarde.com\/fr\/wp-json\/wp\/v2\/media?parent=5335"}],"wp:term":[{"taxonomy":"product_cat","embeddable":true,"href":"https:\/\/boutique.notredamedelagarde.com\/fr\/wp-json\/wp\/v2\/product_cat?post=5335"},{"taxonomy":"product_tag","embeddable":true,"href":"https:\/\/boutique.notredamedelagarde.com\/fr\/wp-json\/wp\/v2\/product_tag?post=5335"}],"curies":[{"name":"wp","href":"https:\/\/api.w.org\/{rel}","templated":true}]}}