{"id":5337,"date":"2020-11-10T14:00:31","date_gmt":"2020-11-10T14:00:31","guid":{"rendered":"https:\/\/boutique.notredamedelagarde.com\/?post_type=product&#038;p=5337\/"},"modified":"2023-05-24T14:28:59","modified_gmt":"2023-05-24T14:28:59","slug":"statue-notre-dame-de-la-garde-en-albatre-22-cm","status":"publish","type":"product","link":"https:\/\/boutique.notredamedelagarde.com\/fr\/product\/statue-notre-dame-de-la-garde-en-albatre-22-cm\/","title":{"rendered":"Statue Notre-Dame de la Garde en alb\u00e2tre 22 cm"},"content":{"rendered":"<p>Statuette de Notre-Dame de la Garde en alb\u00e2tre.<br \/>\nHauteur 22 cm x Largeur 6 cm.<br \/>\nFabriqu\u00e9 en Gr\u00e8ce.<\/p>\n","protected":false},"excerpt":{"rendered":"<p>Statuette de Notre-Dame de la Garde en alb\u00e2tre. Hauteur 22 cm x Largeur 6 cm. Fabriqu\u00e9 en Gr\u00e8ce.<\/p>\n","protected":false},"featured_media":5305,"template":"","meta":[],"product_cat":[37],"product_tag":[],"acf":[],"_links":{"self":[{"href":"https:\/\/boutique.notredamedelagarde.com\/fr\/wp-json\/wp\/v2\/product\/5337"}],"collection":[{"href":"https:\/\/boutique.notredamedelagarde.com\/fr\/wp-json\/wp\/v2\/product"}],"about":[{"href":"https:\/\/boutique.notredamedelagarde.com\/fr\/wp-json\/wp\/v2\/types\/product"}],"wp:featuredmedia":[{"embeddable":true,"href":"https:\/\/boutique.notredamedelagarde.com\/fr\/wp-json\/wp\/v2\/media\/5305"}],"wp:attachment":[{"href":"https:\/\/boutique.notredamedelagarde.com\/fr\/wp-json\/wp\/v2\/media?parent=5337"}],"wp:term":[{"taxonomy":"product_cat","embeddable":true,"href":"https:\/\/boutique.notredamedelagarde.com\/fr\/wp-json\/wp\/v2\/product_cat?post=5337"},{"taxonomy":"product_tag","embeddable":true,"href":"https:\/\/boutique.notredamedelagarde.com\/fr\/wp-json\/wp\/v2\/product_tag?post=5337"}],"curies":[{"name":"wp","href":"https:\/\/api.w.org\/{rel}","templated":true}]}}