{"id":5343,"date":"2020-11-13T10:41:32","date_gmt":"2020-11-13T10:41:32","guid":{"rendered":"https:\/\/boutique.notredamedelagarde.com\/?post_type=product&#038;p=5343\/"},"modified":"2025-11-21T17:39:53","modified_gmt":"2025-11-21T17:39:53","slug":"boules-de-noel-blanches","status":"publish","type":"product","link":"https:\/\/boutique.notredamedelagarde.com\/fr\/product\/boules-de-noel-blanches\/","title":{"rendered":"Boules de No\u00ebl blanches"},"content":{"rendered":"<p>Boules de No\u00ebl blanches avec inscription dor\u00e9e.<br \/>\nSoit texte Il est n\u00e9 le divin enfant, Joyeux No\u00ebl et Sainte Nuit.<br \/>\nSoit images Ange, cr\u00e8che et bougie.<br \/>\nEn paquet de 3 boules.<br \/>\n\u00f8 6 cm.<\/p>\n","protected":false},"excerpt":{"rendered":"<p>Boules de No\u00ebl blanches avec inscription dor\u00e9e. Soit texte Il est n\u00e9 le divin enfant, Joyeux No\u00ebl et Sainte Nuit. Soit images Ange, cr\u00e8che et bougie. En paquet de 3 boules. \u00f8 6 cm.<\/p>\n","protected":false},"featured_media":5348,"template":"","meta":[],"product_cat":[32,128],"product_tag":[],"acf":[],"_links":{"self":[{"href":"https:\/\/boutique.notredamedelagarde.com\/fr\/wp-json\/wp\/v2\/product\/5343"}],"collection":[{"href":"https:\/\/boutique.notredamedelagarde.com\/fr\/wp-json\/wp\/v2\/product"}],"about":[{"href":"https:\/\/boutique.notredamedelagarde.com\/fr\/wp-json\/wp\/v2\/types\/product"}],"wp:featuredmedia":[{"embeddable":true,"href":"https:\/\/boutique.notredamedelagarde.com\/fr\/wp-json\/wp\/v2\/media\/5348"}],"wp:attachment":[{"href":"https:\/\/boutique.notredamedelagarde.com\/fr\/wp-json\/wp\/v2\/media?parent=5343"}],"wp:term":[{"taxonomy":"product_cat","embeddable":true,"href":"https:\/\/boutique.notredamedelagarde.com\/fr\/wp-json\/wp\/v2\/product_cat?post=5343"},{"taxonomy":"product_tag","embeddable":true,"href":"https:\/\/boutique.notredamedelagarde.com\/fr\/wp-json\/wp\/v2\/product_tag?post=5343"}],"curies":[{"name":"wp","href":"https:\/\/api.w.org\/{rel}","templated":true}]}}