{"id":5369,"date":"2020-11-13T13:46:40","date_gmt":"2020-11-13T13:46:40","guid":{"rendered":"https:\/\/boutique.notredamedelagarde.com\/?post_type=product&#038;p=5369\/"},"modified":"2025-08-14T09:59:14","modified_gmt":"2025-08-14T09:59:14","slug":"medaille-ronde-facettee-o12mm-plaque-or","status":"publish","type":"product","link":"https:\/\/boutique.notredamedelagarde.com\/fr\/product\/medaille-ronde-facettee-o12mm-plaque-or\/","title":{"rendered":"M\u00e9daille ronde facett\u00e9e   \u00f812mm &#8211; Plaqu\u00e9 Or"},"content":{"rendered":"<p>M\u00e9daille Ronde facett\u00e9e, Plaqu\u00e9e Or.<br \/>\nBuste Notre-Dame de La Garde.<br \/>\nPlaqu\u00e9e Or 750\/1000 3 microns.<br \/>\nDiam\u00e8tre : \u00d8 12 mm.<br \/>\nFabrication fran\u00e7aise.<\/p>\n","protected":false},"excerpt":{"rendered":"<p>M\u00e9daille Ronde facett\u00e9e, Plaqu\u00e9e Or. Buste Notre-Dame de La Garde. Plaqu\u00e9e Or 750\/1000 3 microns. Diam\u00e8tre : \u00d8 12 mm. Fabrication fran\u00e7aise.<\/p>\n","protected":false},"featured_media":149,"template":"","meta":[],"product_cat":[55],"product_tag":[],"acf":[],"_links":{"self":[{"href":"https:\/\/boutique.notredamedelagarde.com\/fr\/wp-json\/wp\/v2\/product\/5369"}],"collection":[{"href":"https:\/\/boutique.notredamedelagarde.com\/fr\/wp-json\/wp\/v2\/product"}],"about":[{"href":"https:\/\/boutique.notredamedelagarde.com\/fr\/wp-json\/wp\/v2\/types\/product"}],"wp:featuredmedia":[{"embeddable":true,"href":"https:\/\/boutique.notredamedelagarde.com\/fr\/wp-json\/wp\/v2\/media\/149"}],"wp:attachment":[{"href":"https:\/\/boutique.notredamedelagarde.com\/fr\/wp-json\/wp\/v2\/media?parent=5369"}],"wp:term":[{"taxonomy":"product_cat","embeddable":true,"href":"https:\/\/boutique.notredamedelagarde.com\/fr\/wp-json\/wp\/v2\/product_cat?post=5369"},{"taxonomy":"product_tag","embeddable":true,"href":"https:\/\/boutique.notredamedelagarde.com\/fr\/wp-json\/wp\/v2\/product_tag?post=5369"}],"curies":[{"name":"wp","href":"https:\/\/api.w.org\/{rel}","templated":true}]}}