{"id":5380,"date":"2020-11-17T11:35:48","date_gmt":"2020-11-17T11:35:48","guid":{"rendered":"https:\/\/boutique.notredamedelagarde.com\/?post_type=product&#038;p=5380\/"},"modified":"2026-02-27T09:43:37","modified_gmt":"2026-02-27T09:43:37","slug":"chapelet-en-olivier-grain-ovale","status":"publish","type":"product","link":"https:\/\/boutique.notredamedelagarde.com\/fr\/product\/chapelet-en-olivier-grain-ovale\/","title":{"rendered":"Chapelet en olivier &#8211; grain ovale &#8211; fil dor\u00e9"},"content":{"rendered":"<p>Chapelet en bois d\u2019olivier, grain C\u0153ur NDG buste, verso basilique.<br \/>\nMont\u00e9 sur fil dor\u00e9, grain ovale. Dimensions : 41,5 cm.<br \/>\nFabrication fran\u00e7aise.<\/p>\n","protected":false},"excerpt":{"rendered":"<p>Chapelet en bois d\u2019olivier, grain C\u0153ur NDG buste, verso basilique. Mont\u00e9 sur fil dor\u00e9, grain ovale. Dimensions : 41,5 cm. Fabrication fran\u00e7aise.<\/p>\n","protected":false},"featured_media":5387,"template":"","meta":[],"product_cat":[51],"product_tag":[],"acf":[],"_links":{"self":[{"href":"https:\/\/boutique.notredamedelagarde.com\/fr\/wp-json\/wp\/v2\/product\/5380"}],"collection":[{"href":"https:\/\/boutique.notredamedelagarde.com\/fr\/wp-json\/wp\/v2\/product"}],"about":[{"href":"https:\/\/boutique.notredamedelagarde.com\/fr\/wp-json\/wp\/v2\/types\/product"}],"wp:featuredmedia":[{"embeddable":true,"href":"https:\/\/boutique.notredamedelagarde.com\/fr\/wp-json\/wp\/v2\/media\/5387"}],"wp:attachment":[{"href":"https:\/\/boutique.notredamedelagarde.com\/fr\/wp-json\/wp\/v2\/media?parent=5380"}],"wp:term":[{"taxonomy":"product_cat","embeddable":true,"href":"https:\/\/boutique.notredamedelagarde.com\/fr\/wp-json\/wp\/v2\/product_cat?post=5380"},{"taxonomy":"product_tag","embeddable":true,"href":"https:\/\/boutique.notredamedelagarde.com\/fr\/wp-json\/wp\/v2\/product_tag?post=5380"}],"curies":[{"name":"wp","href":"https:\/\/api.w.org\/{rel}","templated":true}]}}