{"id":5410,"date":"2020-11-17T12:00:28","date_gmt":"2020-11-17T12:00:28","guid":{"rendered":"https:\/\/boutique.notredamedelagarde.com\/?post_type=product&#038;p=5410\/"},"modified":"2025-01-01T16:06:17","modified_gmt":"2025-01-01T16:06:17","slug":"chapelet-en-bois-brun-grain-ovale","status":"publish","type":"product","link":"https:\/\/boutique.notredamedelagarde.com\/fr\/product\/chapelet-en-bois-brun-grain-ovale\/","title":{"rendered":"Chapelet en bois brun clair &#8211; grain rond ou ovale"},"content":{"rendered":"<p>Chapelet en bois brun clair. C\u0153ur NDG buste, verso basilique.<br \/>\nMont\u00e9 sur fil argent\u00e9, grain rond ou ovale. Dimensions : 50 cm.<br \/>\nFabrication fran\u00e7aise.<\/p>\n","protected":false},"excerpt":{"rendered":"<p>Chapelet en bois brun clair. C\u0153ur NDG buste, verso basilique. Mont\u00e9 sur fil argent\u00e9, grain rond ou ovale. Dimensions : 50 cm. Fabrication fran\u00e7aise.<\/p>\n","protected":false},"featured_media":5397,"template":"","meta":[],"product_cat":[51],"product_tag":[],"acf":[],"_links":{"self":[{"href":"https:\/\/boutique.notredamedelagarde.com\/fr\/wp-json\/wp\/v2\/product\/5410"}],"collection":[{"href":"https:\/\/boutique.notredamedelagarde.com\/fr\/wp-json\/wp\/v2\/product"}],"about":[{"href":"https:\/\/boutique.notredamedelagarde.com\/fr\/wp-json\/wp\/v2\/types\/product"}],"wp:featuredmedia":[{"embeddable":true,"href":"https:\/\/boutique.notredamedelagarde.com\/fr\/wp-json\/wp\/v2\/media\/5397"}],"wp:attachment":[{"href":"https:\/\/boutique.notredamedelagarde.com\/fr\/wp-json\/wp\/v2\/media?parent=5410"}],"wp:term":[{"taxonomy":"product_cat","embeddable":true,"href":"https:\/\/boutique.notredamedelagarde.com\/fr\/wp-json\/wp\/v2\/product_cat?post=5410"},{"taxonomy":"product_tag","embeddable":true,"href":"https:\/\/boutique.notredamedelagarde.com\/fr\/wp-json\/wp\/v2\/product_tag?post=5410"}],"curies":[{"name":"wp","href":"https:\/\/api.w.org\/{rel}","templated":true}]}}