{"id":5436,"date":"2020-11-17T13:59:57","date_gmt":"2020-11-17T13:59:57","guid":{"rendered":"https:\/\/boutique.notredamedelagarde.com\/?post_type=product&#038;p=5436\/"},"modified":"2026-01-11T08:51:17","modified_gmt":"2026-01-11T08:51:17","slug":"chapeletcristal-de-swarovskicomete","status":"publish","type":"product","link":"https:\/\/boutique.notredamedelagarde.com\/fr\/product\/chapeletcristal-de-swarovskicomete\/","title":{"rendered":"Chapelet \u00ab\u00a0Cristal de Swarovski\u00a0\u00bb Com\u00e8te"},"content":{"rendered":"<p>Chapelet \u00ab\u00a0Cristal\u00a0de\u00a0Swarovski\u00a0\u00bb couleur com\u00e8te,<br \/>\nmont\u00e9 sur cha\u00eene et fil argent\u00e9.<br \/>\nPerles rondes facett\u00e9es de 6 mm.<br \/>\nCe produit b\u00e9n\u00e9ficie d&rsquo;un certificat d&rsquo;authenticit\u00e9 Swarovski.<br \/>\nFabrication fran\u00e7aise.<\/p>\n","protected":false},"excerpt":{"rendered":"<p>Chapelet \u00ab\u00a0Cristal\u00a0de\u00a0Swarovski\u00a0\u00bb couleur com\u00e8te, mont\u00e9 sur cha\u00eene et fil argent\u00e9. Perles rondes facett\u00e9es de 6 mm. Ce produit b\u00e9n\u00e9ficie d&rsquo;un certificat d&rsquo;authenticit\u00e9 Swarovski. Fabrication fran\u00e7aise.<\/p>\n","protected":false},"featured_media":5438,"template":"","meta":[],"product_cat":[38],"product_tag":[],"acf":[],"_links":{"self":[{"href":"https:\/\/boutique.notredamedelagarde.com\/fr\/wp-json\/wp\/v2\/product\/5436"}],"collection":[{"href":"https:\/\/boutique.notredamedelagarde.com\/fr\/wp-json\/wp\/v2\/product"}],"about":[{"href":"https:\/\/boutique.notredamedelagarde.com\/fr\/wp-json\/wp\/v2\/types\/product"}],"wp:featuredmedia":[{"embeddable":true,"href":"https:\/\/boutique.notredamedelagarde.com\/fr\/wp-json\/wp\/v2\/media\/5438"}],"wp:attachment":[{"href":"https:\/\/boutique.notredamedelagarde.com\/fr\/wp-json\/wp\/v2\/media?parent=5436"}],"wp:term":[{"taxonomy":"product_cat","embeddable":true,"href":"https:\/\/boutique.notredamedelagarde.com\/fr\/wp-json\/wp\/v2\/product_cat?post=5436"},{"taxonomy":"product_tag","embeddable":true,"href":"https:\/\/boutique.notredamedelagarde.com\/fr\/wp-json\/wp\/v2\/product_tag?post=5436"}],"curies":[{"name":"wp","href":"https:\/\/api.w.org\/{rel}","templated":true}]}}