{"id":5477,"date":"2020-11-20T13:27:28","date_gmt":"2020-11-20T13:27:28","guid":{"rendered":"https:\/\/boutique.notredamedelagarde.com\/?post_type=product&#038;p=5477\/"},"modified":"2024-03-08T12:52:46","modified_gmt":"2024-03-08T12:52:46","slug":"chapelet-cristal-de-swarovski-bleu-saphir-chaine-argentee","status":"publish","type":"product","link":"https:\/\/boutique.notredamedelagarde.com\/fr\/product\/chapelet-cristal-de-swarovski-bleu-saphir-chaine-argentee\/","title":{"rendered":"Chapelet \u00ab\u00a0Cristal de Swarovski\u00a0\u00bb bleu saphir cha\u00eene argent\u00e9e"},"content":{"rendered":"<p>Chapelet \u00ab\u00a0Cristal\u00a0de\u00a0Swarovski\u00a0\u00bb couleur bleu saphir, mont\u00e9 sur cha\u00eene et fil argent\u00e9.<br \/>\nPerles rondes facett\u00e9es de 6 mm.\u00a0<br \/>\nCe produit b\u00e9n\u00e9ficie d&rsquo;un certificat d&rsquo;authenticit\u00e9 Swarovski.<br \/>\nFabrication fran\u00e7aise.<\/p>\n","protected":false},"excerpt":{"rendered":"<p>Chapelet \u00ab\u00a0Cristal\u00a0de\u00a0Swarovski\u00a0\u00bb couleur bleu saphir, mont\u00e9 sur cha\u00eene et fil argent\u00e9. Perles rondes facett\u00e9es de 6 mm.\u00a0 Ce produit b\u00e9n\u00e9ficie d&rsquo;un certificat d&rsquo;authenticit\u00e9 Swarovski. Fabrication fran\u00e7aise.<\/p>\n","protected":false},"featured_media":5479,"template":"","meta":[],"product_cat":[38],"product_tag":[],"acf":[],"_links":{"self":[{"href":"https:\/\/boutique.notredamedelagarde.com\/fr\/wp-json\/wp\/v2\/product\/5477"}],"collection":[{"href":"https:\/\/boutique.notredamedelagarde.com\/fr\/wp-json\/wp\/v2\/product"}],"about":[{"href":"https:\/\/boutique.notredamedelagarde.com\/fr\/wp-json\/wp\/v2\/types\/product"}],"wp:featuredmedia":[{"embeddable":true,"href":"https:\/\/boutique.notredamedelagarde.com\/fr\/wp-json\/wp\/v2\/media\/5479"}],"wp:attachment":[{"href":"https:\/\/boutique.notredamedelagarde.com\/fr\/wp-json\/wp\/v2\/media?parent=5477"}],"wp:term":[{"taxonomy":"product_cat","embeddable":true,"href":"https:\/\/boutique.notredamedelagarde.com\/fr\/wp-json\/wp\/v2\/product_cat?post=5477"},{"taxonomy":"product_tag","embeddable":true,"href":"https:\/\/boutique.notredamedelagarde.com\/fr\/wp-json\/wp\/v2\/product_tag?post=5477"}],"curies":[{"name":"wp","href":"https:\/\/api.w.org\/{rel}","templated":true}]}}