{"id":5927,"date":"2021-03-07T13:21:19","date_gmt":"2021-03-07T13:21:19","guid":{"rendered":"https:\/\/boutique.notredamedelagarde.com\/?post_type=product&#038;p=5927\/"},"modified":"2025-12-17T10:08:53","modified_gmt":"2025-12-17T10:08:53","slug":"chapelle-de-voyage-notre-dame-de-la-garde","status":"publish","type":"product","link":"https:\/\/boutique.notredamedelagarde.com\/fr\/product\/chapelle-de-voyage-notre-dame-de-la-garde\/","title":{"rendered":"Chapelle de voyage Notre-Dame de la Garde"},"content":{"rendered":"<p>Chapelle de voyage Notre-Dame de la Garde<br \/>\ndans un coffret de cuir rouge fonc\u00e9 et dor\u00e9 avec<br \/>\nun m\u00e9daillon en bronze de Notre-Dame de la Garde de \u00f8 4,5 cm.<br \/>\nFormat : 9 cm L x 7 cm H x 4 cm P.<br \/>\nFabriqu\u00e9 en France.<\/p>\n","protected":false},"excerpt":{"rendered":"<p>Chapelle de voyage Notre-Dame de la Garde dans un coffret de cuir rouge fonc\u00e9 et dor\u00e9 avec un m\u00e9daillon en bronze de Notre-Dame de la Garde de \u00f8 4,5 cm. Format : 9 cm L x 7 cm H x 4 cm P. Fabriqu\u00e9 en France.<\/p>\n","protected":false},"featured_media":5925,"template":"","meta":[],"product_cat":[135],"product_tag":[],"acf":[],"_links":{"self":[{"href":"https:\/\/boutique.notredamedelagarde.com\/fr\/wp-json\/wp\/v2\/product\/5927"}],"collection":[{"href":"https:\/\/boutique.notredamedelagarde.com\/fr\/wp-json\/wp\/v2\/product"}],"about":[{"href":"https:\/\/boutique.notredamedelagarde.com\/fr\/wp-json\/wp\/v2\/types\/product"}],"wp:featuredmedia":[{"embeddable":true,"href":"https:\/\/boutique.notredamedelagarde.com\/fr\/wp-json\/wp\/v2\/media\/5925"}],"wp:attachment":[{"href":"https:\/\/boutique.notredamedelagarde.com\/fr\/wp-json\/wp\/v2\/media?parent=5927"}],"wp:term":[{"taxonomy":"product_cat","embeddable":true,"href":"https:\/\/boutique.notredamedelagarde.com\/fr\/wp-json\/wp\/v2\/product_cat?post=5927"},{"taxonomy":"product_tag","embeddable":true,"href":"https:\/\/boutique.notredamedelagarde.com\/fr\/wp-json\/wp\/v2\/product_tag?post=5927"}],"curies":[{"name":"wp","href":"https:\/\/api.w.org\/{rel}","templated":true}]}}