{"id":5970,"date":"2021-03-11T14:20:25","date_gmt":"2021-03-11T14:20:25","guid":{"rendered":"https:\/\/boutique.notredamedelagarde.com\/?post_type=product&#038;p=5970\/"},"modified":"2024-08-15T12:04:07","modified_gmt":"2024-08-15T12:04:07","slug":"grand-medaillon-rond-en-bronze-notre-dame-de-la-garde","status":"publish","type":"product","link":"https:\/\/boutique.notredamedelagarde.com\/fr\/product\/grand-medaillon-rond-en-bronze-notre-dame-de-la-garde\/","title":{"rendered":"Grand M\u00e9daillon rond en bronze Notre-Dame de la Garde"},"content":{"rendered":"<p>M\u00e9daillon rond Notre-Dame de la Garde en bronze d&rsquo;art.<br \/>\nAttache murale en cuir.<br \/>\nFormat : \u00f8 9,5 cm.<br \/>\nFabriqu\u00e9 en France.<\/p>\n","protected":false},"excerpt":{"rendered":"<p>M\u00e9daillon rond Notre-Dame de la Garde en bronze d&rsquo;art. Attache murale en cuir. Format : \u00f8 9,5 cm. Fabriqu\u00e9 en France.<\/p>\n","protected":false},"featured_media":5966,"template":"","meta":[],"product_cat":[135],"product_tag":[],"acf":[],"_links":{"self":[{"href":"https:\/\/boutique.notredamedelagarde.com\/fr\/wp-json\/wp\/v2\/product\/5970"}],"collection":[{"href":"https:\/\/boutique.notredamedelagarde.com\/fr\/wp-json\/wp\/v2\/product"}],"about":[{"href":"https:\/\/boutique.notredamedelagarde.com\/fr\/wp-json\/wp\/v2\/types\/product"}],"wp:featuredmedia":[{"embeddable":true,"href":"https:\/\/boutique.notredamedelagarde.com\/fr\/wp-json\/wp\/v2\/media\/5966"}],"wp:attachment":[{"href":"https:\/\/boutique.notredamedelagarde.com\/fr\/wp-json\/wp\/v2\/media?parent=5970"}],"wp:term":[{"taxonomy":"product_cat","embeddable":true,"href":"https:\/\/boutique.notredamedelagarde.com\/fr\/wp-json\/wp\/v2\/product_cat?post=5970"},{"taxonomy":"product_tag","embeddable":true,"href":"https:\/\/boutique.notredamedelagarde.com\/fr\/wp-json\/wp\/v2\/product_tag?post=5970"}],"curies":[{"name":"wp","href":"https:\/\/api.w.org\/{rel}","templated":true}]}}