{"id":6009,"date":"2021-03-18T12:14:07","date_gmt":"2021-03-18T12:14:07","guid":{"rendered":"https:\/\/boutique.notredamedelagarde.com\/?post_type=product&#038;p=6009\/"},"modified":"2023-05-24T14:29:07","modified_gmt":"2023-05-24T14:29:07","slug":"statue-moderne-de-saint-joseph","status":"publish","type":"product","link":"https:\/\/boutique.notredamedelagarde.com\/fr\/product\/statue-moderne-de-saint-joseph\/","title":{"rendered":"Statue moderne de Saint-Joseph"},"content":{"rendered":"<p>Statue moderne de Saint-Joseph.<br \/>\nCouleur cr\u00e8me, dor\u00e9e \u00e0 l&rsquo;or fin.<br \/>\nDimensions : 20 cm H x 6 cm L, socle 4,5 x 3,5 cm.<br \/>\nFabriqu\u00e9 en France, d\u00e9cor\u00e9 \u00e0 la main.<\/p>\n","protected":false},"excerpt":{"rendered":"<p>Statue moderne de Saint-Joseph. Couleur cr\u00e8me, dor\u00e9e \u00e0 l&rsquo;or fin. Dimensions : 20 cm H x 6 cm L, socle 4,5 x 3,5 cm. Fabriqu\u00e9 en France, d\u00e9cor\u00e9 \u00e0 la main.<\/p>\n","protected":false},"featured_media":6014,"template":"","meta":[],"product_cat":[137],"product_tag":[],"acf":[],"_links":{"self":[{"href":"https:\/\/boutique.notredamedelagarde.com\/fr\/wp-json\/wp\/v2\/product\/6009"}],"collection":[{"href":"https:\/\/boutique.notredamedelagarde.com\/fr\/wp-json\/wp\/v2\/product"}],"about":[{"href":"https:\/\/boutique.notredamedelagarde.com\/fr\/wp-json\/wp\/v2\/types\/product"}],"wp:featuredmedia":[{"embeddable":true,"href":"https:\/\/boutique.notredamedelagarde.com\/fr\/wp-json\/wp\/v2\/media\/6014"}],"wp:attachment":[{"href":"https:\/\/boutique.notredamedelagarde.com\/fr\/wp-json\/wp\/v2\/media?parent=6009"}],"wp:term":[{"taxonomy":"product_cat","embeddable":true,"href":"https:\/\/boutique.notredamedelagarde.com\/fr\/wp-json\/wp\/v2\/product_cat?post=6009"},{"taxonomy":"product_tag","embeddable":true,"href":"https:\/\/boutique.notredamedelagarde.com\/fr\/wp-json\/wp\/v2\/product_tag?post=6009"}],"curies":[{"name":"wp","href":"https:\/\/api.w.org\/{rel}","templated":true}]}}