{"id":6055,"date":"2021-03-24T12:37:04","date_gmt":"2021-03-24T12:37:04","guid":{"rendered":"https:\/\/boutique.notredamedelagarde.com\/?post_type=product&#038;p=6055\/"},"modified":"2025-09-05T11:39:42","modified_gmt":"2025-09-05T11:39:42","slug":"notre-dame-de-la-garde-en-bois-a-assembler","status":"publish","type":"product","link":"https:\/\/boutique.notredamedelagarde.com\/fr\/product\/notre-dame-de-la-garde-en-bois-a-assembler\/","title":{"rendered":"Notre-Dame de la Garde &#8211; en bois \u00e0 assembler"},"content":{"rendered":"<p>Notre-Dame de la Garde en bois \u00e0 assembler.<br \/>\n3 pi\u00e8ces de bois.<br \/>\nDimensions : 12 cm H x 10 cm L.<br \/>\nFabriqu\u00e9 en Europe.<\/p>\n","protected":false},"excerpt":{"rendered":"<p>Notre-Dame de la Garde en bois \u00e0 assembler. 3 pi\u00e8ces de bois. Dimensions : 12 cm H x 10 cm L. Fabriqu\u00e9 en Europe.<\/p>\n","protected":false},"featured_media":6060,"template":"","meta":[],"product_cat":[37],"product_tag":[],"acf":[],"_links":{"self":[{"href":"https:\/\/boutique.notredamedelagarde.com\/fr\/wp-json\/wp\/v2\/product\/6055"}],"collection":[{"href":"https:\/\/boutique.notredamedelagarde.com\/fr\/wp-json\/wp\/v2\/product"}],"about":[{"href":"https:\/\/boutique.notredamedelagarde.com\/fr\/wp-json\/wp\/v2\/types\/product"}],"wp:featuredmedia":[{"embeddable":true,"href":"https:\/\/boutique.notredamedelagarde.com\/fr\/wp-json\/wp\/v2\/media\/6060"}],"wp:attachment":[{"href":"https:\/\/boutique.notredamedelagarde.com\/fr\/wp-json\/wp\/v2\/media?parent=6055"}],"wp:term":[{"taxonomy":"product_cat","embeddable":true,"href":"https:\/\/boutique.notredamedelagarde.com\/fr\/wp-json\/wp\/v2\/product_cat?post=6055"},{"taxonomy":"product_tag","embeddable":true,"href":"https:\/\/boutique.notredamedelagarde.com\/fr\/wp-json\/wp\/v2\/product_tag?post=6055"}],"curies":[{"name":"wp","href":"https:\/\/api.w.org\/{rel}","templated":true}]}}