{"id":6168,"date":"2021-04-08T11:31:22","date_gmt":"2021-04-08T11:31:22","guid":{"rendered":"https:\/\/boutique.notredamedelagarde.com\/?post_type=product&#038;p=6168\/"},"modified":"2023-05-24T14:29:10","modified_gmt":"2023-05-24T14:29:10","slug":"notre-dame-de-lourdes","status":"publish","type":"product","link":"https:\/\/boutique.notredamedelagarde.com\/fr\/product\/notre-dame-de-lourdes\/","title":{"rendered":"Notre-Dame de Lourdes"},"content":{"rendered":"<p>Notre-Dame de Lourdes en alb\u00e2tre.<br \/>\nHauteur : 43 cm<br \/>\nLargeur : 11 cm<br \/>\nProfondeur : 11 cm<br \/>\nSocle : 11 cm<br \/>\n4 kg<br \/>\nFabriqu\u00e9 en Gr\u00e8ce<\/p>\n","protected":false},"excerpt":{"rendered":"<p>Notre-Dame de Lourdes en alb\u00e2tre. Hauteur : 43 cm Largeur : 11 cm Profondeur : 11 cm Socle : 11 cm 4 kg Fabriqu\u00e9 en Gr\u00e8ce<\/p>\n","protected":false},"featured_media":6161,"template":"","meta":[],"product_cat":[140],"product_tag":[],"acf":[],"_links":{"self":[{"href":"https:\/\/boutique.notredamedelagarde.com\/fr\/wp-json\/wp\/v2\/product\/6168"}],"collection":[{"href":"https:\/\/boutique.notredamedelagarde.com\/fr\/wp-json\/wp\/v2\/product"}],"about":[{"href":"https:\/\/boutique.notredamedelagarde.com\/fr\/wp-json\/wp\/v2\/types\/product"}],"wp:featuredmedia":[{"embeddable":true,"href":"https:\/\/boutique.notredamedelagarde.com\/fr\/wp-json\/wp\/v2\/media\/6161"}],"wp:attachment":[{"href":"https:\/\/boutique.notredamedelagarde.com\/fr\/wp-json\/wp\/v2\/media?parent=6168"}],"wp:term":[{"taxonomy":"product_cat","embeddable":true,"href":"https:\/\/boutique.notredamedelagarde.com\/fr\/wp-json\/wp\/v2\/product_cat?post=6168"},{"taxonomy":"product_tag","embeddable":true,"href":"https:\/\/boutique.notredamedelagarde.com\/fr\/wp-json\/wp\/v2\/product_tag?post=6168"}],"curies":[{"name":"wp","href":"https:\/\/api.w.org\/{rel}","templated":true}]}}