{"id":6177,"date":"2021-04-09T11:29:38","date_gmt":"2021-04-09T11:29:38","guid":{"rendered":"https:\/\/boutique.notredamedelagarde.com\/?post_type=product&#038;p=6177\/"},"modified":"2023-05-24T14:29:10","modified_gmt":"2023-05-24T14:29:10","slug":"notre-dame-aux-roses","status":"publish","type":"product","link":"https:\/\/boutique.notredamedelagarde.com\/fr\/product\/notre-dame-aux-roses\/","title":{"rendered":"Notre-Dame aux Roses 43 cm"},"content":{"rendered":"<p>Notre-Dame aux Roses en alb\u00e2tre.<br \/>\nHauteur : 43 cm<br \/>\nLargeur : 19 cm<br \/>\nProfondeur : 11,5 cm<br \/>\nSocle : 11,5 cm<br \/>\n4 kg<br \/>\nFabriqu\u00e9 en Gr\u00e8ce<\/p>\n","protected":false},"excerpt":{"rendered":"<p>Notre-Dame aux Roses en alb\u00e2tre. Hauteur : 43 cm Largeur : 19 cm Profondeur : 11,5 cm Socle : 11,5 cm 4 kg Fabriqu\u00e9 en Gr\u00e8ce<\/p>\n","protected":false},"featured_media":6179,"template":"","meta":[],"product_cat":[140],"product_tag":[],"acf":[],"_links":{"self":[{"href":"https:\/\/boutique.notredamedelagarde.com\/fr\/wp-json\/wp\/v2\/product\/6177"}],"collection":[{"href":"https:\/\/boutique.notredamedelagarde.com\/fr\/wp-json\/wp\/v2\/product"}],"about":[{"href":"https:\/\/boutique.notredamedelagarde.com\/fr\/wp-json\/wp\/v2\/types\/product"}],"wp:featuredmedia":[{"embeddable":true,"href":"https:\/\/boutique.notredamedelagarde.com\/fr\/wp-json\/wp\/v2\/media\/6179"}],"wp:attachment":[{"href":"https:\/\/boutique.notredamedelagarde.com\/fr\/wp-json\/wp\/v2\/media?parent=6177"}],"wp:term":[{"taxonomy":"product_cat","embeddable":true,"href":"https:\/\/boutique.notredamedelagarde.com\/fr\/wp-json\/wp\/v2\/product_cat?post=6177"},{"taxonomy":"product_tag","embeddable":true,"href":"https:\/\/boutique.notredamedelagarde.com\/fr\/wp-json\/wp\/v2\/product_tag?post=6177"}],"curies":[{"name":"wp","href":"https:\/\/api.w.org\/{rel}","templated":true}]}}