{"id":6184,"date":"2021-04-10T09:49:55","date_gmt":"2021-04-10T09:49:55","guid":{"rendered":"https:\/\/boutique.notredamedelagarde.com\/?post_type=product&#038;p=6184\/"},"modified":"2023-05-24T14:29:10","modified_gmt":"2023-05-24T14:29:10","slug":"notre-dame-aux-roses-27-cm","status":"publish","type":"product","link":"https:\/\/boutique.notredamedelagarde.com\/fr\/product\/notre-dame-aux-roses-27-cm\/","title":{"rendered":"Notre-Dame aux Roses 27 cm"},"content":{"rendered":"<p>Notre-Dame aux Roses en alb\u00e2tre.<br \/>\nHauteur : 27 cm<br \/>\nLargeur : 9 cm<br \/>\nProfondeur : 7 cm<br \/>\nSocle : 7 x 6 cm<br \/>\n0,500 kg<br \/>\nFabriqu\u00e9 en Gr\u00e8ce<\/p>\n","protected":false},"excerpt":{"rendered":"<p>Notre-Dame aux Roses en alb\u00e2tre. Hauteur : 27 cm Largeur : 9 cm Profondeur : 7 cm Socle : 7 x 6 cm 0,500 kg Fabriqu\u00e9 en Gr\u00e8ce<\/p>\n","protected":false},"featured_media":6186,"template":"","meta":[],"product_cat":[140],"product_tag":[],"acf":[],"_links":{"self":[{"href":"https:\/\/boutique.notredamedelagarde.com\/fr\/wp-json\/wp\/v2\/product\/6184"}],"collection":[{"href":"https:\/\/boutique.notredamedelagarde.com\/fr\/wp-json\/wp\/v2\/product"}],"about":[{"href":"https:\/\/boutique.notredamedelagarde.com\/fr\/wp-json\/wp\/v2\/types\/product"}],"wp:featuredmedia":[{"embeddable":true,"href":"https:\/\/boutique.notredamedelagarde.com\/fr\/wp-json\/wp\/v2\/media\/6186"}],"wp:attachment":[{"href":"https:\/\/boutique.notredamedelagarde.com\/fr\/wp-json\/wp\/v2\/media?parent=6184"}],"wp:term":[{"taxonomy":"product_cat","embeddable":true,"href":"https:\/\/boutique.notredamedelagarde.com\/fr\/wp-json\/wp\/v2\/product_cat?post=6184"},{"taxonomy":"product_tag","embeddable":true,"href":"https:\/\/boutique.notredamedelagarde.com\/fr\/wp-json\/wp\/v2\/product_tag?post=6184"}],"curies":[{"name":"wp","href":"https:\/\/api.w.org\/{rel}","templated":true}]}}