{"id":6221,"date":"2021-04-12T11:06:37","date_gmt":"2021-04-12T11:06:37","guid":{"rendered":"https:\/\/boutique.notredamedelagarde.com\/?post_type=product&#038;p=6221\/"},"modified":"2023-05-24T14:29:10","modified_gmt":"2023-05-24T14:29:10","slug":"saint-joseph-30-cm","status":"publish","type":"product","link":"https:\/\/boutique.notredamedelagarde.com\/fr\/product\/saint-joseph-30-cm\/","title":{"rendered":"Saint-Joseph 30 cm &#8211; socle rond"},"content":{"rendered":"<p>Saint-Joseph socle rond, en alb\u00e2tre.<br \/>\nHauteur : 30 cm<br \/>\nLargeur : 9 cm<br \/>\nProfondeur : 4,5 cm<br \/>\nSocle : \u00f88 cm<br \/>\n1,300 kg<br \/>\nFabriqu\u00e9 en Gr\u00e8ce<\/p>\n","protected":false},"excerpt":{"rendered":"<p>Saint-Joseph socle rond, en alb\u00e2tre. Hauteur : 30 cm Largeur : 9 cm Profondeur : 4,5 cm Socle : \u00f88 cm 1,300 kg Fabriqu\u00e9 en Gr\u00e8ce<\/p>\n","protected":false},"featured_media":6225,"template":"","meta":[],"product_cat":[137],"product_tag":[],"acf":[],"_links":{"self":[{"href":"https:\/\/boutique.notredamedelagarde.com\/fr\/wp-json\/wp\/v2\/product\/6221"}],"collection":[{"href":"https:\/\/boutique.notredamedelagarde.com\/fr\/wp-json\/wp\/v2\/product"}],"about":[{"href":"https:\/\/boutique.notredamedelagarde.com\/fr\/wp-json\/wp\/v2\/types\/product"}],"wp:featuredmedia":[{"embeddable":true,"href":"https:\/\/boutique.notredamedelagarde.com\/fr\/wp-json\/wp\/v2\/media\/6225"}],"wp:attachment":[{"href":"https:\/\/boutique.notredamedelagarde.com\/fr\/wp-json\/wp\/v2\/media?parent=6221"}],"wp:term":[{"taxonomy":"product_cat","embeddable":true,"href":"https:\/\/boutique.notredamedelagarde.com\/fr\/wp-json\/wp\/v2\/product_cat?post=6221"},{"taxonomy":"product_tag","embeddable":true,"href":"https:\/\/boutique.notredamedelagarde.com\/fr\/wp-json\/wp\/v2\/product_tag?post=6221"}],"curies":[{"name":"wp","href":"https:\/\/api.w.org\/{rel}","templated":true}]}}