{"id":6231,"date":"2021-04-13T11:07:16","date_gmt":"2021-04-13T11:07:16","guid":{"rendered":"https:\/\/boutique.notredamedelagarde.com\/?post_type=product&#038;p=6231\/"},"modified":"2023-05-24T14:29:10","modified_gmt":"2023-05-24T14:29:10","slug":"notre-dame-de-lourdes-23-cm-socle-rond","status":"publish","type":"product","link":"https:\/\/boutique.notredamedelagarde.com\/fr\/product\/notre-dame-de-lourdes-23-cm-socle-rond\/","title":{"rendered":"Notre-Dame de Lourdes 23 cm &#8211; socle rond"},"content":{"rendered":"<p>Notre-Dame de Lourdes socle rond, en alb\u00e2tre.<br \/>\nHauteur : 23 cm<br \/>\nLargeur : 6,5 cm<br \/>\nProfondeur : 4,5 cm<br \/>\nSocle : \u00f8 6,5 cm<br \/>\n0,500 kg<br \/>\nFabriqu\u00e9 en Gr\u00e8ce<\/p>\n","protected":false},"excerpt":{"rendered":"<p>Notre-Dame de Lourdes socle rond, en alb\u00e2tre. Hauteur : 23 cm Largeur : 6,5 cm Profondeur : 4,5 cm Socle : \u00f8 6,5 cm 0,500 kg Fabriqu\u00e9 en Gr\u00e8ce<\/p>\n","protected":false},"featured_media":6233,"template":"","meta":[],"product_cat":[140],"product_tag":[],"acf":[],"_links":{"self":[{"href":"https:\/\/boutique.notredamedelagarde.com\/fr\/wp-json\/wp\/v2\/product\/6231"}],"collection":[{"href":"https:\/\/boutique.notredamedelagarde.com\/fr\/wp-json\/wp\/v2\/product"}],"about":[{"href":"https:\/\/boutique.notredamedelagarde.com\/fr\/wp-json\/wp\/v2\/types\/product"}],"wp:featuredmedia":[{"embeddable":true,"href":"https:\/\/boutique.notredamedelagarde.com\/fr\/wp-json\/wp\/v2\/media\/6233"}],"wp:attachment":[{"href":"https:\/\/boutique.notredamedelagarde.com\/fr\/wp-json\/wp\/v2\/media?parent=6231"}],"wp:term":[{"taxonomy":"product_cat","embeddable":true,"href":"https:\/\/boutique.notredamedelagarde.com\/fr\/wp-json\/wp\/v2\/product_cat?post=6231"},{"taxonomy":"product_tag","embeddable":true,"href":"https:\/\/boutique.notredamedelagarde.com\/fr\/wp-json\/wp\/v2\/product_tag?post=6231"}],"curies":[{"name":"wp","href":"https:\/\/api.w.org\/{rel}","templated":true}]}}