{"id":6235,"date":"2021-04-13T11:35:32","date_gmt":"2021-04-13T11:35:32","guid":{"rendered":"https:\/\/boutique.notredamedelagarde.com\/?post_type=product&#038;p=6235\/"},"modified":"2023-05-24T14:29:10","modified_gmt":"2023-05-24T14:29:10","slug":"notre-dame-de-lourdes-17-cm-socle-rond","status":"publish","type":"product","link":"https:\/\/boutique.notredamedelagarde.com\/fr\/product\/notre-dame-de-lourdes-17-cm-socle-rond\/","title":{"rendered":"Notre-Dame de Lourdes 17 cm &#8211; socle rond"},"content":{"rendered":"<p>Notre-Dame de Lourdes socle rond, en alb\u00e2tre.<br \/>\nHauteur : 17 cm<br \/>\nLargeur : 4,5 cm<br \/>\nProfondeur : 4,5 cm<br \/>\nSocle : \u00f8 4,5 cm<br \/>\n0,200 kg<br \/>\nFabriqu\u00e9 en Gr\u00e8ce<\/p>\n","protected":false},"excerpt":{"rendered":"<p>Notre-Dame de Lourdes socle rond, en alb\u00e2tre. Hauteur : 17 cm Largeur : 4,5 cm Profondeur : 4,5 cm Socle : \u00f8 4,5 cm 0,200 kg Fabriqu\u00e9 en Gr\u00e8ce<\/p>\n","protected":false},"featured_media":6237,"template":"","meta":[],"product_cat":[140],"product_tag":[],"acf":[],"_links":{"self":[{"href":"https:\/\/boutique.notredamedelagarde.com\/fr\/wp-json\/wp\/v2\/product\/6235"}],"collection":[{"href":"https:\/\/boutique.notredamedelagarde.com\/fr\/wp-json\/wp\/v2\/product"}],"about":[{"href":"https:\/\/boutique.notredamedelagarde.com\/fr\/wp-json\/wp\/v2\/types\/product"}],"wp:featuredmedia":[{"embeddable":true,"href":"https:\/\/boutique.notredamedelagarde.com\/fr\/wp-json\/wp\/v2\/media\/6237"}],"wp:attachment":[{"href":"https:\/\/boutique.notredamedelagarde.com\/fr\/wp-json\/wp\/v2\/media?parent=6235"}],"wp:term":[{"taxonomy":"product_cat","embeddable":true,"href":"https:\/\/boutique.notredamedelagarde.com\/fr\/wp-json\/wp\/v2\/product_cat?post=6235"},{"taxonomy":"product_tag","embeddable":true,"href":"https:\/\/boutique.notredamedelagarde.com\/fr\/wp-json\/wp\/v2\/product_tag?post=6235"}],"curies":[{"name":"wp","href":"https:\/\/api.w.org\/{rel}","templated":true}]}}