{"id":6247,"date":"2021-04-14T12:31:05","date_gmt":"2021-04-14T12:31:05","guid":{"rendered":"https:\/\/boutique.notredamedelagarde.com\/?post_type=product&#038;p=6247\/"},"modified":"2023-05-24T14:29:11","modified_gmt":"2023-05-24T14:29:11","slug":"saint-michel-17-cm-socle-rond","status":"publish","type":"product","link":"https:\/\/boutique.notredamedelagarde.com\/fr\/product\/saint-michel-17-cm-socle-rond\/","title":{"rendered":"Saint-Michel 17 cm &#8211; socle rond"},"content":{"rendered":"<p>Saint-Michel socle rond, en alb\u00e2tre.<br \/>\nHauteur : 17 cm<br \/>\nLargeur : 11,5 cm<br \/>\nProfondeur : 4,5 cm<br \/>\nSocle : \u00f8 5,5 cm<br \/>\n0,250 kg<br \/>\nFabriqu\u00e9 en Gr\u00e8ce<\/p>\n","protected":false},"excerpt":{"rendered":"<p>Saint-Michel socle rond, en alb\u00e2tre. Hauteur : 17 cm Largeur : 11,5 cm Profondeur : 4,5 cm Socle : \u00f8 5,5 cm 0,250 kg Fabriqu\u00e9 en Gr\u00e8ce<\/p>\n","protected":false},"featured_media":6243,"template":"","meta":[],"product_cat":[142],"product_tag":[],"acf":[],"_links":{"self":[{"href":"https:\/\/boutique.notredamedelagarde.com\/fr\/wp-json\/wp\/v2\/product\/6247"}],"collection":[{"href":"https:\/\/boutique.notredamedelagarde.com\/fr\/wp-json\/wp\/v2\/product"}],"about":[{"href":"https:\/\/boutique.notredamedelagarde.com\/fr\/wp-json\/wp\/v2\/types\/product"}],"wp:featuredmedia":[{"embeddable":true,"href":"https:\/\/boutique.notredamedelagarde.com\/fr\/wp-json\/wp\/v2\/media\/6243"}],"wp:attachment":[{"href":"https:\/\/boutique.notredamedelagarde.com\/fr\/wp-json\/wp\/v2\/media?parent=6247"}],"wp:term":[{"taxonomy":"product_cat","embeddable":true,"href":"https:\/\/boutique.notredamedelagarde.com\/fr\/wp-json\/wp\/v2\/product_cat?post=6247"},{"taxonomy":"product_tag","embeddable":true,"href":"https:\/\/boutique.notredamedelagarde.com\/fr\/wp-json\/wp\/v2\/product_tag?post=6247"}],"curies":[{"name":"wp","href":"https:\/\/api.w.org\/{rel}","templated":true}]}}