{"id":6380,"date":"2021-06-04T14:17:23","date_gmt":"2021-06-04T14:17:23","guid":{"rendered":"https:\/\/boutique.notredamedelagarde.com\/?post_type=product&#038;p=6380\/"},"modified":"2025-06-24T10:36:27","modified_gmt":"2025-06-24T10:36:27","slug":"torchon-brode-notre-dame-de-la-garde","status":"publish","type":"product","link":"https:\/\/boutique.notredamedelagarde.com\/fr\/product\/torchon-brode-notre-dame-de-la-garde\/","title":{"rendered":"Torchon brod\u00e9 Notre-Dame de la Garde"},"content":{"rendered":"<p>Torchon brod\u00e9 Notre-Dame de la Garde, motif nid d&rsquo;abeille.<br \/>\nFormat 50 x 70 cm.<br \/>\n100% coton.<br \/>\n10 coloris au choix<\/p>\n<p>1- Blanc 2- \u00c9cru 3-Gris clair 4-Lilas 5- Lavande<br \/>\n6- Bleu ciel 7- Rouge 8- Jaune 9- Rose saumon\u00e9 10-Vert menthe<\/p>\n<p>&nbsp;<\/p>\n","protected":false},"excerpt":{"rendered":"<p>Torchon brod\u00e9 Notre-Dame de la Garde, motif nid d&rsquo;abeille. Format 50 x 70 cm. 100% coton. 10 coloris au choix 1- Blanc 2- \u00c9cru 3-Gris clair 4-Lilas 5- Lavande 6- Bleu ciel 7- Rouge 8- Jaune 9- Rose saumon\u00e9 10-Vert menthe &nbsp;<\/p>\n","protected":false},"featured_media":6381,"template":"","meta":[],"product_cat":[113,118],"product_tag":[],"acf":[],"_links":{"self":[{"href":"https:\/\/boutique.notredamedelagarde.com\/fr\/wp-json\/wp\/v2\/product\/6380"}],"collection":[{"href":"https:\/\/boutique.notredamedelagarde.com\/fr\/wp-json\/wp\/v2\/product"}],"about":[{"href":"https:\/\/boutique.notredamedelagarde.com\/fr\/wp-json\/wp\/v2\/types\/product"}],"wp:featuredmedia":[{"embeddable":true,"href":"https:\/\/boutique.notredamedelagarde.com\/fr\/wp-json\/wp\/v2\/media\/6381"}],"wp:attachment":[{"href":"https:\/\/boutique.notredamedelagarde.com\/fr\/wp-json\/wp\/v2\/media?parent=6380"}],"wp:term":[{"taxonomy":"product_cat","embeddable":true,"href":"https:\/\/boutique.notredamedelagarde.com\/fr\/wp-json\/wp\/v2\/product_cat?post=6380"},{"taxonomy":"product_tag","embeddable":true,"href":"https:\/\/boutique.notredamedelagarde.com\/fr\/wp-json\/wp\/v2\/product_tag?post=6380"}],"curies":[{"name":"wp","href":"https:\/\/api.w.org\/{rel}","templated":true}]}}