{"id":6397,"date":"2021-06-05T11:59:10","date_gmt":"2021-06-05T11:59:10","guid":{"rendered":"https:\/\/boutique.notredamedelagarde.com\/?post_type=product&#038;p=6397\/"},"modified":"2025-12-07T09:01:34","modified_gmt":"2025-12-07T09:01:34","slug":"savon-de-marseille-a-lhuile-dolive-bio","status":"publish","type":"product","link":"https:\/\/boutique.notredamedelagarde.com\/fr\/product\/savon-de-marseille-a-lhuile-dolive-bio\/","title":{"rendered":"Savon de Marseille \u00e0 l&rsquo;huile d&rsquo;olive bio"},"content":{"rendered":"<p>Savons de Marseille \u00e0 l&rsquo;huile d&rsquo;olive bio.<br \/>\nArtisanat de Provence.<br \/>\nFormat : L 8,5 cm x H 5 cm x 2,5 cm \u00e9paisseur<\/p>\n<p>Fabriqu\u00e9 \u00e0 Aubagne.<br \/>\nFragrances :<br \/>\nPhoto 1 :\u00a0Lait d&rsquo;\u00e2nesse, Amande, Ch\u00e8vrefeuille, Karit\u00e9, Mono\u00ef, Miel, Vanille, Citron<br \/>\nPhoto 2 : Rose, Framboise, Melon, Jasmin, Passion, Mandarine, Fleur d&rsquo;oranger<br \/>\nPhoto 3 : Violette, Lavande, Lilas, Olive, Verveine, Argan, Fleur de Lavande, Marine<\/p>\n<p>&nbsp;<\/p>\n","protected":false},"excerpt":{"rendered":"<p>Savons de Marseille \u00e0 l&rsquo;huile d&rsquo;olive bio. Artisanat de Provence. Format : L 8,5 cm x H 5 cm x 2,5 cm \u00e9paisseur Fabriqu\u00e9 \u00e0 Aubagne. Fragrances : Photo 1 :\u00a0Lait d&rsquo;\u00e2nesse, Amande, Ch\u00e8vrefeuille, Karit\u00e9, Mono\u00ef, Miel, Vanille, Citron Photo 2 : Rose, Framboise, Melon, Jasmin, Passion, Mandarine, Fleur d&rsquo;oranger Photo 3 : Violette, Lavande, [&hellip;]<\/p>\n","protected":false},"featured_media":6405,"template":"","meta":[],"product_cat":[113,118],"product_tag":[],"acf":[],"_links":{"self":[{"href":"https:\/\/boutique.notredamedelagarde.com\/fr\/wp-json\/wp\/v2\/product\/6397"}],"collection":[{"href":"https:\/\/boutique.notredamedelagarde.com\/fr\/wp-json\/wp\/v2\/product"}],"about":[{"href":"https:\/\/boutique.notredamedelagarde.com\/fr\/wp-json\/wp\/v2\/types\/product"}],"wp:featuredmedia":[{"embeddable":true,"href":"https:\/\/boutique.notredamedelagarde.com\/fr\/wp-json\/wp\/v2\/media\/6405"}],"wp:attachment":[{"href":"https:\/\/boutique.notredamedelagarde.com\/fr\/wp-json\/wp\/v2\/media?parent=6397"}],"wp:term":[{"taxonomy":"product_cat","embeddable":true,"href":"https:\/\/boutique.notredamedelagarde.com\/fr\/wp-json\/wp\/v2\/product_cat?post=6397"},{"taxonomy":"product_tag","embeddable":true,"href":"https:\/\/boutique.notredamedelagarde.com\/fr\/wp-json\/wp\/v2\/product_tag?post=6397"}],"curies":[{"name":"wp","href":"https:\/\/api.w.org\/{rel}","templated":true}]}}