{"id":6490,"date":"2021-09-03T14:54:30","date_gmt":"2021-09-03T14:54:30","guid":{"rendered":"https:\/\/boutique.notredamedelagarde.com\/?post_type=product&#038;p=6490\/"},"modified":"2025-07-08T13:34:14","modified_gmt":"2025-07-08T13:34:14","slug":"medaille-ronde-o20-mm-plaque-or","status":"publish","type":"product","link":"https:\/\/boutique.notredamedelagarde.com\/fr\/product\/medaille-ronde-o20-mm-plaque-or\/","title":{"rendered":"M\u00e9daille ronde &#8211; \u00f820 mm &#8211; Plaqu\u00e9 Or"},"content":{"rendered":"<p>M\u00e9daille Notre-Dame de La Garde, finement d\u00e9cor\u00e9e, plaqu\u00e9e Or 750\/1000 3 microns.<br \/>\nDiam\u00e8tre : \u00d8 20 mm.<br \/>\nFabrication fran\u00e7aise.<\/p>\n","protected":false},"excerpt":{"rendered":"<p>M\u00e9daille Notre-Dame de La Garde, finement d\u00e9cor\u00e9e, plaqu\u00e9e Or 750\/1000 3 microns. Diam\u00e8tre : \u00d8 20 mm. Fabrication fran\u00e7aise.<\/p>\n","protected":false},"featured_media":847,"template":"","meta":[],"product_cat":[55],"product_tag":[],"acf":[],"_links":{"self":[{"href":"https:\/\/boutique.notredamedelagarde.com\/fr\/wp-json\/wp\/v2\/product\/6490"}],"collection":[{"href":"https:\/\/boutique.notredamedelagarde.com\/fr\/wp-json\/wp\/v2\/product"}],"about":[{"href":"https:\/\/boutique.notredamedelagarde.com\/fr\/wp-json\/wp\/v2\/types\/product"}],"wp:featuredmedia":[{"embeddable":true,"href":"https:\/\/boutique.notredamedelagarde.com\/fr\/wp-json\/wp\/v2\/media\/847"}],"wp:attachment":[{"href":"https:\/\/boutique.notredamedelagarde.com\/fr\/wp-json\/wp\/v2\/media?parent=6490"}],"wp:term":[{"taxonomy":"product_cat","embeddable":true,"href":"https:\/\/boutique.notredamedelagarde.com\/fr\/wp-json\/wp\/v2\/product_cat?post=6490"},{"taxonomy":"product_tag","embeddable":true,"href":"https:\/\/boutique.notredamedelagarde.com\/fr\/wp-json\/wp\/v2\/product_tag?post=6490"}],"curies":[{"name":"wp","href":"https:\/\/api.w.org\/{rel}","templated":true}]}}