{"id":6503,"date":"2021-09-11T09:41:11","date_gmt":"2021-09-11T09:41:11","guid":{"rendered":"https:\/\/boutique.notredamedelagarde.com\/?post_type=product&#038;p=6503\/"},"modified":"2026-03-21T06:53:29","modified_gmt":"2026-03-21T06:53:29","slug":"medaille-etoile-8-mm-plaque-or","status":"publish","type":"product","link":"https:\/\/boutique.notredamedelagarde.com\/fr\/product\/medaille-etoile-8-mm-plaque-or\/","title":{"rendered":"M\u00e9daille \u00e9toile &#8211; 8 mm &#8211; Plaqu\u00e9 Or"},"content":{"rendered":"<p>M\u00e9daille Notre-Dame de La Garde, en forme d&rsquo;\u00e9toile, plaqu\u00e9e Or 750\/1000 3 microns.<br \/>\nDiam\u00e8tre : 8 mm.<br \/>\nFabrication fran\u00e7aise.<\/p>\n","protected":false},"excerpt":{"rendered":"<p>M\u00e9daille Notre-Dame de La Garde, en forme d&rsquo;\u00e9toile, plaqu\u00e9e Or 750\/1000 3 microns. Diam\u00e8tre : 8 mm. Fabrication fran\u00e7aise.<\/p>\n","protected":false},"featured_media":6505,"template":"","meta":[],"product_cat":[55],"product_tag":[],"acf":[],"_links":{"self":[{"href":"https:\/\/boutique.notredamedelagarde.com\/fr\/wp-json\/wp\/v2\/product\/6503"}],"collection":[{"href":"https:\/\/boutique.notredamedelagarde.com\/fr\/wp-json\/wp\/v2\/product"}],"about":[{"href":"https:\/\/boutique.notredamedelagarde.com\/fr\/wp-json\/wp\/v2\/types\/product"}],"wp:featuredmedia":[{"embeddable":true,"href":"https:\/\/boutique.notredamedelagarde.com\/fr\/wp-json\/wp\/v2\/media\/6505"}],"wp:attachment":[{"href":"https:\/\/boutique.notredamedelagarde.com\/fr\/wp-json\/wp\/v2\/media?parent=6503"}],"wp:term":[{"taxonomy":"product_cat","embeddable":true,"href":"https:\/\/boutique.notredamedelagarde.com\/fr\/wp-json\/wp\/v2\/product_cat?post=6503"},{"taxonomy":"product_tag","embeddable":true,"href":"https:\/\/boutique.notredamedelagarde.com\/fr\/wp-json\/wp\/v2\/product_tag?post=6503"}],"curies":[{"name":"wp","href":"https:\/\/api.w.org\/{rel}","templated":true}]}}