{"id":6511,"date":"2021-09-11T10:36:38","date_gmt":"2021-09-11T10:36:38","guid":{"rendered":"https:\/\/boutique.notredamedelagarde.com\/?post_type=product&#038;p=6511\/"},"modified":"2025-11-30T20:32:06","modified_gmt":"2025-11-30T20:32:06","slug":"medaille-losange-13-mm-plaque-or","status":"publish","type":"product","link":"https:\/\/boutique.notredamedelagarde.com\/fr\/product\/medaille-losange-13-mm-plaque-or\/","title":{"rendered":"M\u00e9daille Losange &#8211; 13 mm &#8211; Plaqu\u00e9 Or"},"content":{"rendered":"<p>M\u00e9daille Notre-Dame de La Garde, en forme de losange,<br \/>\nplaqu\u00e9e Or 750\/1000 3 microns.<br \/>\nGrandeur : 13 mm.<br \/>\nFabrication fran\u00e7aise.<\/p>\n","protected":false},"excerpt":{"rendered":"<p>M\u00e9daille Notre-Dame de La Garde, en forme de losange, plaqu\u00e9e Or 750\/1000 3 microns. Grandeur : 13 mm. Fabrication fran\u00e7aise.<\/p>\n","protected":false},"featured_media":6513,"template":"","meta":[],"product_cat":[55],"product_tag":[],"acf":[],"_links":{"self":[{"href":"https:\/\/boutique.notredamedelagarde.com\/fr\/wp-json\/wp\/v2\/product\/6511"}],"collection":[{"href":"https:\/\/boutique.notredamedelagarde.com\/fr\/wp-json\/wp\/v2\/product"}],"about":[{"href":"https:\/\/boutique.notredamedelagarde.com\/fr\/wp-json\/wp\/v2\/types\/product"}],"wp:featuredmedia":[{"embeddable":true,"href":"https:\/\/boutique.notredamedelagarde.com\/fr\/wp-json\/wp\/v2\/media\/6513"}],"wp:attachment":[{"href":"https:\/\/boutique.notredamedelagarde.com\/fr\/wp-json\/wp\/v2\/media?parent=6511"}],"wp:term":[{"taxonomy":"product_cat","embeddable":true,"href":"https:\/\/boutique.notredamedelagarde.com\/fr\/wp-json\/wp\/v2\/product_cat?post=6511"},{"taxonomy":"product_tag","embeddable":true,"href":"https:\/\/boutique.notredamedelagarde.com\/fr\/wp-json\/wp\/v2\/product_tag?post=6511"}],"curies":[{"name":"wp","href":"https:\/\/api.w.org\/{rel}","templated":true}]}}