{"id":6516,"date":"2021-09-11T12:42:53","date_gmt":"2021-09-11T12:42:53","guid":{"rendered":"https:\/\/boutique.notredamedelagarde.com\/?post_type=product&#038;p=6516\/"},"modified":"2023-05-24T14:29:12","modified_gmt":"2023-05-24T14:29:12","slug":"medaille-ronde-martelee-o20-mm-plaque-or","status":"publish","type":"product","link":"https:\/\/boutique.notredamedelagarde.com\/fr\/product\/medaille-ronde-martelee-o20-mm-plaque-or\/","title":{"rendered":"M\u00e9daille ronde contour martel\u00e9 &#8211; \u00f820 mm &#8211; Plaqu\u00e9 Or"},"content":{"rendered":"<p>M\u00e9daille Notre-Dame de La Garde, ronde contour martel\u00e9, <br \/>\nplaqu\u00e9e Or 750\/1000 3 microns.<br \/>\nGrandeur : \u00f820 mm.<br \/>\nFabrication fran\u00e7aise.<\/p>\n","protected":false},"excerpt":{"rendered":"<p>M\u00e9daille Notre-Dame de La Garde, ronde contour martel\u00e9, plaqu\u00e9e Or 750\/1000 3 microns. Grandeur : \u00f820 mm. Fabrication fran\u00e7aise.<\/p>\n","protected":false},"featured_media":6518,"template":"","meta":[],"product_cat":[55],"product_tag":[],"acf":[],"_links":{"self":[{"href":"https:\/\/boutique.notredamedelagarde.com\/fr\/wp-json\/wp\/v2\/product\/6516"}],"collection":[{"href":"https:\/\/boutique.notredamedelagarde.com\/fr\/wp-json\/wp\/v2\/product"}],"about":[{"href":"https:\/\/boutique.notredamedelagarde.com\/fr\/wp-json\/wp\/v2\/types\/product"}],"wp:featuredmedia":[{"embeddable":true,"href":"https:\/\/boutique.notredamedelagarde.com\/fr\/wp-json\/wp\/v2\/media\/6518"}],"wp:attachment":[{"href":"https:\/\/boutique.notredamedelagarde.com\/fr\/wp-json\/wp\/v2\/media?parent=6516"}],"wp:term":[{"taxonomy":"product_cat","embeddable":true,"href":"https:\/\/boutique.notredamedelagarde.com\/fr\/wp-json\/wp\/v2\/product_cat?post=6516"},{"taxonomy":"product_tag","embeddable":true,"href":"https:\/\/boutique.notredamedelagarde.com\/fr\/wp-json\/wp\/v2\/product_tag?post=6516"}],"curies":[{"name":"wp","href":"https:\/\/api.w.org\/{rel}","templated":true}]}}