{"id":6818,"date":"2022-01-22T14:18:30","date_gmt":"2022-01-22T14:18:30","guid":{"rendered":"https:\/\/boutique.notredamedelagarde.com\/?post_type=product&#038;p=6818\/"},"modified":"2024-12-21T18:39:29","modified_gmt":"2024-12-21T18:39:29","slug":"medaille-en-forme-de-fleur-plaque-or-13-mm","status":"publish","type":"product","link":"https:\/\/boutique.notredamedelagarde.com\/fr\/product\/medaille-en-forme-de-fleur-plaque-or-13-mm\/","title":{"rendered":"M\u00e9daille en forme de fleur &#8211; Plaqu\u00e9 Or 13 mm"},"content":{"rendered":"<p>M\u00e9daille Notre-Dame de La Garde, en forme de fleur,<br \/>\nbasilique au dos.<br \/>\nplaqu\u00e9e Or 750\/1000 3 microns.<br \/>\nGrandeur : \u00f8 13 mm.<br \/>\nFabrication fran\u00e7aise.<\/p>\n","protected":false},"excerpt":{"rendered":"<p>M\u00e9daille Notre-Dame de La Garde, en forme de fleur, basilique au dos. plaqu\u00e9e Or 750\/1000 3 microns. Grandeur : \u00f8 13 mm. Fabrication fran\u00e7aise.<\/p>\n","protected":false},"featured_media":6814,"template":"","meta":[],"product_cat":[55],"product_tag":[],"acf":[],"_links":{"self":[{"href":"https:\/\/boutique.notredamedelagarde.com\/fr\/wp-json\/wp\/v2\/product\/6818"}],"collection":[{"href":"https:\/\/boutique.notredamedelagarde.com\/fr\/wp-json\/wp\/v2\/product"}],"about":[{"href":"https:\/\/boutique.notredamedelagarde.com\/fr\/wp-json\/wp\/v2\/types\/product"}],"wp:featuredmedia":[{"embeddable":true,"href":"https:\/\/boutique.notredamedelagarde.com\/fr\/wp-json\/wp\/v2\/media\/6814"}],"wp:attachment":[{"href":"https:\/\/boutique.notredamedelagarde.com\/fr\/wp-json\/wp\/v2\/media?parent=6818"}],"wp:term":[{"taxonomy":"product_cat","embeddable":true,"href":"https:\/\/boutique.notredamedelagarde.com\/fr\/wp-json\/wp\/v2\/product_cat?post=6818"},{"taxonomy":"product_tag","embeddable":true,"href":"https:\/\/boutique.notredamedelagarde.com\/fr\/wp-json\/wp\/v2\/product_tag?post=6818"}],"curies":[{"name":"wp","href":"https:\/\/api.w.org\/{rel}","templated":true}]}}