{"id":6911,"date":"2022-04-09T13:05:21","date_gmt":"2022-04-09T13:05:21","guid":{"rendered":"https:\/\/boutique.notredamedelagarde.com\/?post_type=product&#038;p=6911\/"},"modified":"2026-01-19T07:52:40","modified_gmt":"2026-01-19T07:52:40","slug":"medaille-notre-dame-de-la-garde-plaque-or","status":"publish","type":"product","link":"https:\/\/boutique.notredamedelagarde.com\/fr\/product\/medaille-notre-dame-de-la-garde-plaque-or\/","title":{"rendered":"M\u00e9daille Notre-Dame de la Garde &#8211; Argent ou plaqu\u00e9 Or"},"content":{"rendered":"<p><em><strong>Exclusivit\u00e9 pour notre boutique<\/strong><\/em><br \/>\nM\u00e9daille Notre-Dame de La Garde, de plein pied.<br \/>\nPlaqu\u00e9 Or 750\/1000 3 microns ou Argent .925<br \/>\nGrandeur : 20 mm.<br \/>\nFabrication fran\u00e7aise.<\/p>\n","protected":false},"excerpt":{"rendered":"<p>Exclusivit\u00e9 pour notre boutique M\u00e9daille Notre-Dame de La Garde, de plein pied. Plaqu\u00e9 Or 750\/1000 3 microns ou Argent .925 Grandeur : 20 mm. Fabrication fran\u00e7aise.<\/p>\n","protected":false},"featured_media":6916,"template":"","meta":[],"product_cat":[55,56],"product_tag":[],"acf":[],"_links":{"self":[{"href":"https:\/\/boutique.notredamedelagarde.com\/fr\/wp-json\/wp\/v2\/product\/6911"}],"collection":[{"href":"https:\/\/boutique.notredamedelagarde.com\/fr\/wp-json\/wp\/v2\/product"}],"about":[{"href":"https:\/\/boutique.notredamedelagarde.com\/fr\/wp-json\/wp\/v2\/types\/product"}],"wp:featuredmedia":[{"embeddable":true,"href":"https:\/\/boutique.notredamedelagarde.com\/fr\/wp-json\/wp\/v2\/media\/6916"}],"wp:attachment":[{"href":"https:\/\/boutique.notredamedelagarde.com\/fr\/wp-json\/wp\/v2\/media?parent=6911"}],"wp:term":[{"taxonomy":"product_cat","embeddable":true,"href":"https:\/\/boutique.notredamedelagarde.com\/fr\/wp-json\/wp\/v2\/product_cat?post=6911"},{"taxonomy":"product_tag","embeddable":true,"href":"https:\/\/boutique.notredamedelagarde.com\/fr\/wp-json\/wp\/v2\/product_tag?post=6911"}],"curies":[{"name":"wp","href":"https:\/\/api.w.org\/{rel}","templated":true}]}}