{"id":7071,"date":"2022-11-02T10:52:05","date_gmt":"2022-11-02T10:52:05","guid":{"rendered":"https:\/\/boutique.notredamedelagarde.com\/?post_type=product&#038;p=7071\/"},"modified":"2023-05-24T14:29:16","modified_gmt":"2023-05-24T14:29:16","slug":"statue-saint-michel-en-albatre-50-cm","status":"publish","type":"product","link":"https:\/\/boutique.notredamedelagarde.com\/fr\/product\/statue-saint-michel-en-albatre-50-cm\/","title":{"rendered":"Statue Saint-Michel en alb\u00e2tre 50 cm"},"content":{"rendered":"<p>Grande statue de Saint-Michel en alb\u00e2tre.<br \/>\nHauteur 50 cm x Largeur 35 cm.<br \/>\nFabriqu\u00e9 en Gr\u00e8ce.<\/p>\n","protected":false},"excerpt":{"rendered":"<p>Grande statue de Saint-Michel en alb\u00e2tre. Hauteur 50 cm x Largeur 35 cm. Fabriqu\u00e9 en Gr\u00e8ce.<\/p>\n","protected":false},"featured_media":7073,"template":"","meta":[],"product_cat":[142],"product_tag":[],"acf":[],"_links":{"self":[{"href":"https:\/\/boutique.notredamedelagarde.com\/fr\/wp-json\/wp\/v2\/product\/7071"}],"collection":[{"href":"https:\/\/boutique.notredamedelagarde.com\/fr\/wp-json\/wp\/v2\/product"}],"about":[{"href":"https:\/\/boutique.notredamedelagarde.com\/fr\/wp-json\/wp\/v2\/types\/product"}],"wp:featuredmedia":[{"embeddable":true,"href":"https:\/\/boutique.notredamedelagarde.com\/fr\/wp-json\/wp\/v2\/media\/7073"}],"wp:attachment":[{"href":"https:\/\/boutique.notredamedelagarde.com\/fr\/wp-json\/wp\/v2\/media?parent=7071"}],"wp:term":[{"taxonomy":"product_cat","embeddable":true,"href":"https:\/\/boutique.notredamedelagarde.com\/fr\/wp-json\/wp\/v2\/product_cat?post=7071"},{"taxonomy":"product_tag","embeddable":true,"href":"https:\/\/boutique.notredamedelagarde.com\/fr\/wp-json\/wp\/v2\/product_tag?post=7071"}],"curies":[{"name":"wp","href":"https:\/\/api.w.org\/{rel}","templated":true}]}}