{"id":7913,"date":"2023-12-16T13:41:11","date_gmt":"2023-12-16T13:41:11","guid":{"rendered":"https:\/\/boutique.notredamedelagarde.com\/?post_type=product&#038;p=7913"},"modified":"2025-12-14T18:05:40","modified_gmt":"2025-12-14T18:05:40","slug":"dieu-a-tant-aime-le-monde-petite-theologie-de-la-mission","status":"publish","type":"product","link":"https:\/\/boutique.notredamedelagarde.com\/fr\/product\/dieu-a-tant-aime-le-monde-petite-theologie-de-la-mission\/","title":{"rendered":"Dieu a tant aim\u00e9 le monde. Petite th\u00e9ologie de la mission."},"content":{"rendered":"<p>Dieu a tant aim\u00e9 le monde<br \/>\nPetite th\u00e9ologie de la mission<\/p>\n<p>du Cardinal Jean-Marc Aveline<br \/>\n\u00c9ditions du Cerf<br \/>\n160 pages<br \/>\nISBN 978 2-204-16132-9<\/p>\n","protected":false},"excerpt":{"rendered":"<p>Dieu a tant aim\u00e9 le monde Petite th\u00e9ologie de la mission du Cardinal Jean-Marc Aveline \u00c9ditions du Cerf 160 pages ISBN 978 2-204-16132-9<\/p>\n","protected":false},"featured_media":7914,"template":"","meta":[],"product_cat":[31,127],"product_tag":[],"acf":[],"_links":{"self":[{"href":"https:\/\/boutique.notredamedelagarde.com\/fr\/wp-json\/wp\/v2\/product\/7913"}],"collection":[{"href":"https:\/\/boutique.notredamedelagarde.com\/fr\/wp-json\/wp\/v2\/product"}],"about":[{"href":"https:\/\/boutique.notredamedelagarde.com\/fr\/wp-json\/wp\/v2\/types\/product"}],"wp:featuredmedia":[{"embeddable":true,"href":"https:\/\/boutique.notredamedelagarde.com\/fr\/wp-json\/wp\/v2\/media\/7914"}],"wp:attachment":[{"href":"https:\/\/boutique.notredamedelagarde.com\/fr\/wp-json\/wp\/v2\/media?parent=7913"}],"wp:term":[{"taxonomy":"product_cat","embeddable":true,"href":"https:\/\/boutique.notredamedelagarde.com\/fr\/wp-json\/wp\/v2\/product_cat?post=7913"},{"taxonomy":"product_tag","embeddable":true,"href":"https:\/\/boutique.notredamedelagarde.com\/fr\/wp-json\/wp\/v2\/product_tag?post=7913"}],"curies":[{"name":"wp","href":"https:\/\/api.w.org\/{rel}","templated":true}]}}