{"id":7937,"date":"2023-12-21T10:38:03","date_gmt":"2023-12-21T10:38:03","guid":{"rendered":"https:\/\/boutique.notredamedelagarde.com\/?post_type=product&#038;p=7937"},"modified":"2026-01-20T18:28:57","modified_gmt":"2026-01-20T18:28:57","slug":"notre-dame-de-la-garde-a-la-lumiere-des-peres-et-des-docteurs-de-leglise","status":"publish","type":"product","link":"https:\/\/boutique.notredamedelagarde.com\/fr\/product\/notre-dame-de-la-garde-a-la-lumiere-des-peres-et-des-docteurs-de-leglise\/","title":{"rendered":"Notre-Dame de la Garde \u00e0 la lumi\u00e8re des P\u00e8res et des Docteurs de l&rsquo;\u00c9glise"},"content":{"rendered":"<p>Notre-Dame de la Garde \u00e0 la lumi\u00e8re des P\u00e8res et des Docteurs de l&rsquo;\u00c9glise<\/p>\n<p>\u00ab\u00a0Les P\u00e8res et les Docteurs de l&rsquo;\u00c9glise\u00a0\u00bb se rencontrent \u00e0 Notre-Dame de la Garde \u00e0 travers les \u0153uvres d&rsquo;art, les mosa\u00efques et les richesses du site.<br \/>\nDans ce haut lieu, d\u00e9di\u00e9 \u00e0 la Vierge, ils brillent par leur pr\u00e9sence.\u00a0Ce livre propose une d\u00e9couverte du lieu \u00e0 la lumi\u00e8re de ces grands t\u00e9moins<br \/>\nde la tradition chr\u00e9tienne. \u00a0Ce n&rsquo;est pas seulement un guide, mais avant tout un ouvrage spirituel pouvant nourrir la m\u00e9ditation et la pri\u00e8re.\u00a0\u00bb<\/p>\n<p>Textes de Bernard Lorenzato, Chapelain \u00e0 Notre-Dame de la Garde<br \/>\nPhotos de Jacques Coletti, Jean-Fran\u00e7ois Delorenzi, Marcel Seghieri<br \/>\n112 pages<\/p>\n<p>\u00c9ditions du Signe 2022<\/p>\n<p>ISBN : 978-2-7468-4348-6<\/p>\n","protected":false},"excerpt":{"rendered":"<p>Notre-Dame de la Garde \u00e0 la lumi\u00e8re des P\u00e8res et des Docteurs de l&rsquo;\u00c9glise \u00ab\u00a0Les P\u00e8res et les Docteurs de l&rsquo;\u00c9glise\u00a0\u00bb se rencontrent \u00e0 Notre-Dame de la Garde \u00e0 travers les \u0153uvres d&rsquo;art, les mosa\u00efques et les richesses du site. Dans ce haut lieu, d\u00e9di\u00e9 \u00e0 la Vierge, ils brillent par leur pr\u00e9sence.\u00a0Ce livre propose [&hellip;]<\/p>\n","protected":false},"featured_media":7942,"template":"","meta":[],"product_cat":[31,127],"product_tag":[],"acf":[],"_links":{"self":[{"href":"https:\/\/boutique.notredamedelagarde.com\/fr\/wp-json\/wp\/v2\/product\/7937"}],"collection":[{"href":"https:\/\/boutique.notredamedelagarde.com\/fr\/wp-json\/wp\/v2\/product"}],"about":[{"href":"https:\/\/boutique.notredamedelagarde.com\/fr\/wp-json\/wp\/v2\/types\/product"}],"wp:featuredmedia":[{"embeddable":true,"href":"https:\/\/boutique.notredamedelagarde.com\/fr\/wp-json\/wp\/v2\/media\/7942"}],"wp:attachment":[{"href":"https:\/\/boutique.notredamedelagarde.com\/fr\/wp-json\/wp\/v2\/media?parent=7937"}],"wp:term":[{"taxonomy":"product_cat","embeddable":true,"href":"https:\/\/boutique.notredamedelagarde.com\/fr\/wp-json\/wp\/v2\/product_cat?post=7937"},{"taxonomy":"product_tag","embeddable":true,"href":"https:\/\/boutique.notredamedelagarde.com\/fr\/wp-json\/wp\/v2\/product_tag?post=7937"}],"curies":[{"name":"wp","href":"https:\/\/api.w.org\/{rel}","templated":true}]}}