{"id":8008,"date":"2024-04-04T10:25:09","date_gmt":"2024-04-04T10:25:09","guid":{"rendered":"https:\/\/boutique.notredamedelagarde.com\/?post_type=product&#038;p=8008"},"modified":"2026-04-09T10:34:44","modified_gmt":"2026-04-09T10:34:44","slug":"creche-du-monde-notre-dame-de-la-garde","status":"publish","type":"product","link":"https:\/\/boutique.notredamedelagarde.com\/fr\/product\/creche-du-monde-notre-dame-de-la-garde\/","title":{"rendered":"Cr\u00e8che du monde &#8211; Notre-Dame de la Garde"},"content":{"rendered":"<p>Cr\u00e8che en c\u00e9ramique Bloc de Notre-Dame de la Garde<br \/>\n8 x 7 cm<\/p>\n<p>&nbsp;<\/p>\n","protected":false},"excerpt":{"rendered":"<p>Cr\u00e8che en c\u00e9ramique Bloc de Notre-Dame de la Garde 8 x 7 cm &nbsp;<\/p>\n","protected":false},"featured_media":8006,"template":"","meta":[],"product_cat":[155],"product_tag":[],"acf":[],"_links":{"self":[{"href":"https:\/\/boutique.notredamedelagarde.com\/fr\/wp-json\/wp\/v2\/product\/8008"}],"collection":[{"href":"https:\/\/boutique.notredamedelagarde.com\/fr\/wp-json\/wp\/v2\/product"}],"about":[{"href":"https:\/\/boutique.notredamedelagarde.com\/fr\/wp-json\/wp\/v2\/types\/product"}],"wp:featuredmedia":[{"embeddable":true,"href":"https:\/\/boutique.notredamedelagarde.com\/fr\/wp-json\/wp\/v2\/media\/8006"}],"wp:attachment":[{"href":"https:\/\/boutique.notredamedelagarde.com\/fr\/wp-json\/wp\/v2\/media?parent=8008"}],"wp:term":[{"taxonomy":"product_cat","embeddable":true,"href":"https:\/\/boutique.notredamedelagarde.com\/fr\/wp-json\/wp\/v2\/product_cat?post=8008"},{"taxonomy":"product_tag","embeddable":true,"href":"https:\/\/boutique.notredamedelagarde.com\/fr\/wp-json\/wp\/v2\/product_tag?post=8008"}],"curies":[{"name":"wp","href":"https:\/\/api.w.org\/{rel}","templated":true}]}}