{"id":8029,"date":"2024-04-25T07:08:49","date_gmt":"2024-04-25T07:08:49","guid":{"rendered":"https:\/\/boutique.notredamedelagarde.com\/?post_type=product&#038;p=8029"},"modified":"2025-12-30T09:40:01","modified_gmt":"2025-12-30T09:40:01","slug":"statue-notre-dame-de-la-garde-en-albatre-beige-et-or-2","status":"publish","type":"product","link":"https:\/\/boutique.notredamedelagarde.com\/fr\/product\/statue-notre-dame-de-la-garde-en-albatre-beige-et-or-2\/","title":{"rendered":"Statue Notre-Dame de la Garde en alb\u00e2tre beige et or"},"content":{"rendered":"<p>Statue de Notre-Dame de la Garde, en alb\u00e2tre beige et or.<br \/>\nHauteur : 20 cm<br \/>\nFabriqu\u00e9 en Gr\u00e8ce<\/p>\n","protected":false},"excerpt":{"rendered":"<p>Statue de Notre-Dame de la Garde, en alb\u00e2tre beige et or. Hauteur : 20 cm Fabriqu\u00e9 en Gr\u00e8ce<\/p>\n","protected":false},"featured_media":8035,"template":"","meta":[],"product_cat":[37],"product_tag":[],"acf":[],"_links":{"self":[{"href":"https:\/\/boutique.notredamedelagarde.com\/fr\/wp-json\/wp\/v2\/product\/8029"}],"collection":[{"href":"https:\/\/boutique.notredamedelagarde.com\/fr\/wp-json\/wp\/v2\/product"}],"about":[{"href":"https:\/\/boutique.notredamedelagarde.com\/fr\/wp-json\/wp\/v2\/types\/product"}],"wp:featuredmedia":[{"embeddable":true,"href":"https:\/\/boutique.notredamedelagarde.com\/fr\/wp-json\/wp\/v2\/media\/8035"}],"wp:attachment":[{"href":"https:\/\/boutique.notredamedelagarde.com\/fr\/wp-json\/wp\/v2\/media?parent=8029"}],"wp:term":[{"taxonomy":"product_cat","embeddable":true,"href":"https:\/\/boutique.notredamedelagarde.com\/fr\/wp-json\/wp\/v2\/product_cat?post=8029"},{"taxonomy":"product_tag","embeddable":true,"href":"https:\/\/boutique.notredamedelagarde.com\/fr\/wp-json\/wp\/v2\/product_tag?post=8029"}],"curies":[{"name":"wp","href":"https:\/\/api.w.org\/{rel}","templated":true}]}}