{"id":8154,"date":"2024-08-14T12:19:15","date_gmt":"2024-08-14T12:19:15","guid":{"rendered":"https:\/\/boutique.notredamedelagarde.com\/?post_type=product&#038;p=8154"},"modified":"2025-12-28T15:37:40","modified_gmt":"2025-12-28T15:37:40","slug":"medaille-notre-dame-de-la-garde-octogonale-10-mm-argent-925","status":"publish","type":"product","link":"https:\/\/boutique.notredamedelagarde.com\/fr\/product\/medaille-notre-dame-de-la-garde-octogonale-10-mm-argent-925\/","title":{"rendered":"M\u00e9daille Notre-Dame de La Garde  octogonale 10 mm  &#8211; Argent 925"},"content":{"rendered":"<p>M\u00e9daille octogonale.<br \/>\nBuste Notre-Dame de La Garde.<br \/>\nVerso : Basilique Notre-Dame de La Garde<br \/>\nArgent .925<br \/>\nGrandeur : \u00f8 10 mm<br \/>\nFabrication fran\u00e7aise.<\/p>\n","protected":false},"excerpt":{"rendered":"<p>M\u00e9daille octogonale. Buste Notre-Dame de La Garde. Verso : Basilique Notre-Dame de La Garde Argent .925 Grandeur : \u00f8 10 mm Fabrication fran\u00e7aise.<\/p>\n","protected":false},"featured_media":3420,"template":"","meta":[],"product_cat":[56],"product_tag":[],"acf":[],"_links":{"self":[{"href":"https:\/\/boutique.notredamedelagarde.com\/fr\/wp-json\/wp\/v2\/product\/8154"}],"collection":[{"href":"https:\/\/boutique.notredamedelagarde.com\/fr\/wp-json\/wp\/v2\/product"}],"about":[{"href":"https:\/\/boutique.notredamedelagarde.com\/fr\/wp-json\/wp\/v2\/types\/product"}],"wp:featuredmedia":[{"embeddable":true,"href":"https:\/\/boutique.notredamedelagarde.com\/fr\/wp-json\/wp\/v2\/media\/3420"}],"wp:attachment":[{"href":"https:\/\/boutique.notredamedelagarde.com\/fr\/wp-json\/wp\/v2\/media?parent=8154"}],"wp:term":[{"taxonomy":"product_cat","embeddable":true,"href":"https:\/\/boutique.notredamedelagarde.com\/fr\/wp-json\/wp\/v2\/product_cat?post=8154"},{"taxonomy":"product_tag","embeddable":true,"href":"https:\/\/boutique.notredamedelagarde.com\/fr\/wp-json\/wp\/v2\/product_tag?post=8154"}],"curies":[{"name":"wp","href":"https:\/\/api.w.org\/{rel}","templated":true}]}}