{"id":8164,"date":"2024-08-14T13:46:26","date_gmt":"2024-08-14T13:46:26","guid":{"rendered":"https:\/\/boutique.notredamedelagarde.com\/?post_type=product&#038;p=8164"},"modified":"2026-03-20T07:32:12","modified_gmt":"2026-03-20T07:32:12","slug":"medaille-notre-dame-de-la-garde-ronde-12-mm-argent-925","status":"publish","type":"product","link":"https:\/\/boutique.notredamedelagarde.com\/fr\/product\/medaille-notre-dame-de-la-garde-ronde-12-mm-argent-925\/","title":{"rendered":"M\u00e9daille Notre-Dame de La Garde  ronde 12 mm  &#8211; Argent 925"},"content":{"rendered":"<p>M\u00e9daille ronde.<br \/>\nBuste Notre-Dame de La Garde.<br \/>\nVerso : Basilique Notre-Dame de La Garde<br \/>\nArgent .925<br \/>\nGrandeur : \u00f8 12 mm<br \/>\nFabrication fran\u00e7aise.<\/p>\n","protected":false},"excerpt":{"rendered":"<p>M\u00e9daille ronde. Buste Notre-Dame de La Garde. Verso : Basilique Notre-Dame de La Garde Argent .925 Grandeur : \u00f8 12 mm Fabrication fran\u00e7aise.<\/p>\n","protected":false},"featured_media":8160,"template":"","meta":[],"product_cat":[56],"product_tag":[],"acf":[],"_links":{"self":[{"href":"https:\/\/boutique.notredamedelagarde.com\/fr\/wp-json\/wp\/v2\/product\/8164"}],"collection":[{"href":"https:\/\/boutique.notredamedelagarde.com\/fr\/wp-json\/wp\/v2\/product"}],"about":[{"href":"https:\/\/boutique.notredamedelagarde.com\/fr\/wp-json\/wp\/v2\/types\/product"}],"wp:featuredmedia":[{"embeddable":true,"href":"https:\/\/boutique.notredamedelagarde.com\/fr\/wp-json\/wp\/v2\/media\/8160"}],"wp:attachment":[{"href":"https:\/\/boutique.notredamedelagarde.com\/fr\/wp-json\/wp\/v2\/media?parent=8164"}],"wp:term":[{"taxonomy":"product_cat","embeddable":true,"href":"https:\/\/boutique.notredamedelagarde.com\/fr\/wp-json\/wp\/v2\/product_cat?post=8164"},{"taxonomy":"product_tag","embeddable":true,"href":"https:\/\/boutique.notredamedelagarde.com\/fr\/wp-json\/wp\/v2\/product_tag?post=8164"}],"curies":[{"name":"wp","href":"https:\/\/api.w.org\/{rel}","templated":true}]}}