{"id":8166,"date":"2024-08-14T13:48:26","date_gmt":"2024-08-14T13:48:26","guid":{"rendered":"https:\/\/boutique.notredamedelagarde.com\/?post_type=product&#038;p=8166"},"modified":"2026-04-13T09:38:59","modified_gmt":"2026-04-13T09:38:59","slug":"medaille-notre-dame-de-la-garde-fleur-argent-925","status":"publish","type":"product","link":"https:\/\/boutique.notredamedelagarde.com\/fr\/product\/medaille-notre-dame-de-la-garde-fleur-argent-925\/","title":{"rendered":"M\u00e9daille Notre-Dame de La Garde  fleur  &#8211; Argent 925"},"content":{"rendered":"<p>M\u00e9daille ronde.<br \/>\nBuste Notre-Dame de La Garde.<br \/>\nVerso : Basilique Notre-Dame de La Garde<br \/>\nArgent .925<br \/>\nGrandeur : \u00f8 14 mm<br \/>\nFabrication fran\u00e7aise.<\/p>\n","protected":false},"excerpt":{"rendered":"<p>M\u00e9daille ronde. Buste Notre-Dame de La Garde. Verso : Basilique Notre-Dame de La Garde Argent .925 Grandeur : \u00f8 14 mm Fabrication fran\u00e7aise.<\/p>\n","protected":false},"featured_media":8162,"template":"","meta":[],"product_cat":[56],"product_tag":[],"acf":[],"_links":{"self":[{"href":"https:\/\/boutique.notredamedelagarde.com\/fr\/wp-json\/wp\/v2\/product\/8166"}],"collection":[{"href":"https:\/\/boutique.notredamedelagarde.com\/fr\/wp-json\/wp\/v2\/product"}],"about":[{"href":"https:\/\/boutique.notredamedelagarde.com\/fr\/wp-json\/wp\/v2\/types\/product"}],"wp:featuredmedia":[{"embeddable":true,"href":"https:\/\/boutique.notredamedelagarde.com\/fr\/wp-json\/wp\/v2\/media\/8162"}],"wp:attachment":[{"href":"https:\/\/boutique.notredamedelagarde.com\/fr\/wp-json\/wp\/v2\/media?parent=8166"}],"wp:term":[{"taxonomy":"product_cat","embeddable":true,"href":"https:\/\/boutique.notredamedelagarde.com\/fr\/wp-json\/wp\/v2\/product_cat?post=8166"},{"taxonomy":"product_tag","embeddable":true,"href":"https:\/\/boutique.notredamedelagarde.com\/fr\/wp-json\/wp\/v2\/product_tag?post=8166"}],"curies":[{"name":"wp","href":"https:\/\/api.w.org\/{rel}","templated":true}]}}