{"id":8181,"date":"2024-08-24T09:17:03","date_gmt":"2024-08-24T09:17:03","guid":{"rendered":"https:\/\/boutique.notredamedelagarde.com\/?post_type=product&#038;p=8181"},"modified":"2026-04-04T20:35:28","modified_gmt":"2026-04-04T20:35:28","slug":"chapelet-notre-dame-de-la-garde","status":"publish","type":"product","link":"https:\/\/boutique.notredamedelagarde.com\/fr\/product\/chapelet-notre-dame-de-la-garde\/","title":{"rendered":"Chapelet Notre-Dame de la Garde"},"content":{"rendered":"<p>Chapelet en bois Notre-Dame de la Garde<br \/>\nparfum\u00e9 \u00e0 la rose.<br \/>\nEn bo\u00eete<\/p>\n","protected":false},"excerpt":{"rendered":"<p>Chapelet en bois Notre-Dame de la Garde parfum\u00e9 \u00e0 la rose. En bo\u00eete<\/p>\n","protected":false},"featured_media":8223,"template":"","meta":[],"product_cat":[51],"product_tag":[],"acf":[],"_links":{"self":[{"href":"https:\/\/boutique.notredamedelagarde.com\/fr\/wp-json\/wp\/v2\/product\/8181"}],"collection":[{"href":"https:\/\/boutique.notredamedelagarde.com\/fr\/wp-json\/wp\/v2\/product"}],"about":[{"href":"https:\/\/boutique.notredamedelagarde.com\/fr\/wp-json\/wp\/v2\/types\/product"}],"wp:featuredmedia":[{"embeddable":true,"href":"https:\/\/boutique.notredamedelagarde.com\/fr\/wp-json\/wp\/v2\/media\/8223"}],"wp:attachment":[{"href":"https:\/\/boutique.notredamedelagarde.com\/fr\/wp-json\/wp\/v2\/media?parent=8181"}],"wp:term":[{"taxonomy":"product_cat","embeddable":true,"href":"https:\/\/boutique.notredamedelagarde.com\/fr\/wp-json\/wp\/v2\/product_cat?post=8181"},{"taxonomy":"product_tag","embeddable":true,"href":"https:\/\/boutique.notredamedelagarde.com\/fr\/wp-json\/wp\/v2\/product_tag?post=8181"}],"curies":[{"name":"wp","href":"https:\/\/api.w.org\/{rel}","templated":true}]}}