{"id":8225,"date":"2024-08-24T09:25:01","date_gmt":"2024-08-24T09:25:01","guid":{"rendered":"https:\/\/boutique.notredamedelagarde.com\/?post_type=product&#038;p=8225"},"modified":"2024-12-18T14:29:46","modified_gmt":"2024-12-18T14:29:46","slug":"chapelet-en-nacre-cappucino","status":"publish","type":"product","link":"https:\/\/boutique.notredamedelagarde.com\/fr\/product\/chapelet-en-nacre-cappucino\/","title":{"rendered":"Chapelet en nacre cappucino"},"content":{"rendered":"<p>Chapelet en nacre cappucino avec la m\u00e9daille de Sainte Th\u00e9r\u00e8se.<\/p>\n","protected":false},"excerpt":{"rendered":"<p>Chapelet en nacre cappucino avec la m\u00e9daille de Sainte Th\u00e9r\u00e8se.<\/p>\n","protected":false},"featured_media":8201,"template":"","meta":[],"product_cat":[52],"product_tag":[],"acf":[],"_links":{"self":[{"href":"https:\/\/boutique.notredamedelagarde.com\/fr\/wp-json\/wp\/v2\/product\/8225"}],"collection":[{"href":"https:\/\/boutique.notredamedelagarde.com\/fr\/wp-json\/wp\/v2\/product"}],"about":[{"href":"https:\/\/boutique.notredamedelagarde.com\/fr\/wp-json\/wp\/v2\/types\/product"}],"wp:featuredmedia":[{"embeddable":true,"href":"https:\/\/boutique.notredamedelagarde.com\/fr\/wp-json\/wp\/v2\/media\/8201"}],"wp:attachment":[{"href":"https:\/\/boutique.notredamedelagarde.com\/fr\/wp-json\/wp\/v2\/media?parent=8225"}],"wp:term":[{"taxonomy":"product_cat","embeddable":true,"href":"https:\/\/boutique.notredamedelagarde.com\/fr\/wp-json\/wp\/v2\/product_cat?post=8225"},{"taxonomy":"product_tag","embeddable":true,"href":"https:\/\/boutique.notredamedelagarde.com\/fr\/wp-json\/wp\/v2\/product_tag?post=8225"}],"curies":[{"name":"wp","href":"https:\/\/api.w.org\/{rel}","templated":true}]}}