{"id":8292,"date":"2024-09-15T06:53:27","date_gmt":"2024-09-15T06:53:27","guid":{"rendered":"https:\/\/boutique.notredamedelagarde.com\/?post_type=product&#038;p=8292"},"modified":"2025-09-27T11:28:18","modified_gmt":"2025-09-27T11:28:18","slug":"chapelet-en-argent-plaque-rose-medaille-notre-dame-de-la-garde","status":"publish","type":"product","link":"https:\/\/boutique.notredamedelagarde.com\/fr\/product\/chapelet-en-argent-plaque-rose-medaille-notre-dame-de-la-garde\/","title":{"rendered":"Chapelet en argent plaqu\u00e9 ros\u00e9 &#8211; m\u00e9daille NDG grains 2 mm"},"content":{"rendered":"<p><strong>EXCLUSIVIT\u00c9<\/strong><\/p>\n<p>Chapelet en argent plaqu\u00e9 ros\u00e9 avec la m\u00e9daille Notre-Dame de la Garde et au verso la basilique.<br \/>\nAvec mousqueton.<br \/>\nGrains 2 mm.<br \/>\nR\u00e9alis\u00e9 exclusivement pour nous.<\/p>\n","protected":false},"excerpt":{"rendered":"<p>EXCLUSIVIT\u00c9 Chapelet en argent plaqu\u00e9 ros\u00e9 avec la m\u00e9daille Notre-Dame de la Garde et au verso la basilique. Avec mousqueton. Grains 2 mm. R\u00e9alis\u00e9 exclusivement pour nous.<\/p>\n","protected":false},"featured_media":8273,"template":"","meta":[],"product_cat":[156],"product_tag":[],"acf":[],"_links":{"self":[{"href":"https:\/\/boutique.notredamedelagarde.com\/fr\/wp-json\/wp\/v2\/product\/8292"}],"collection":[{"href":"https:\/\/boutique.notredamedelagarde.com\/fr\/wp-json\/wp\/v2\/product"}],"about":[{"href":"https:\/\/boutique.notredamedelagarde.com\/fr\/wp-json\/wp\/v2\/types\/product"}],"wp:featuredmedia":[{"embeddable":true,"href":"https:\/\/boutique.notredamedelagarde.com\/fr\/wp-json\/wp\/v2\/media\/8273"}],"wp:attachment":[{"href":"https:\/\/boutique.notredamedelagarde.com\/fr\/wp-json\/wp\/v2\/media?parent=8292"}],"wp:term":[{"taxonomy":"product_cat","embeddable":true,"href":"https:\/\/boutique.notredamedelagarde.com\/fr\/wp-json\/wp\/v2\/product_cat?post=8292"},{"taxonomy":"product_tag","embeddable":true,"href":"https:\/\/boutique.notredamedelagarde.com\/fr\/wp-json\/wp\/v2\/product_tag?post=8292"}],"curies":[{"name":"wp","href":"https:\/\/api.w.org\/{rel}","templated":true}]}}