{"id":8298,"date":"2024-09-15T07:44:23","date_gmt":"2024-09-15T07:44:23","guid":{"rendered":"https:\/\/boutique.notredamedelagarde.com\/?post_type=product&#038;p=8298"},"modified":"2025-08-12T08:59:18","modified_gmt":"2025-08-12T08:59:18","slug":"chapelet-en-argent-medaille-ndg-grains-15-mm","status":"publish","type":"product","link":"https:\/\/boutique.notredamedelagarde.com\/fr\/product\/chapelet-en-argent-medaille-ndg-grains-15-mm\/","title":{"rendered":"Chapelet en argent &#8211; m\u00e9daille NDG grains 1,5 mm"},"content":{"rendered":"<p><strong>EXCLUSIVIT\u00c9<\/strong><\/p>\n<p>Chapelet en argent avec la m\u00e9daille Notre-Dame de la Garde et au verso la basilique.<br \/>\nAvec mousqueton. Grains 1,5 mm.<br \/>\nR\u00e9alis\u00e9 exclusivement pour nous.<\/p>\n","protected":false},"excerpt":{"rendered":"<p>EXCLUSIVIT\u00c9 Chapelet en argent avec la m\u00e9daille Notre-Dame de la Garde et au verso la basilique. Avec mousqueton. Grains 1,5 mm. R\u00e9alis\u00e9 exclusivement pour nous.<\/p>\n","protected":false},"featured_media":8279,"template":"","meta":[],"product_cat":[156],"product_tag":[],"acf":[],"_links":{"self":[{"href":"https:\/\/boutique.notredamedelagarde.com\/fr\/wp-json\/wp\/v2\/product\/8298"}],"collection":[{"href":"https:\/\/boutique.notredamedelagarde.com\/fr\/wp-json\/wp\/v2\/product"}],"about":[{"href":"https:\/\/boutique.notredamedelagarde.com\/fr\/wp-json\/wp\/v2\/types\/product"}],"wp:featuredmedia":[{"embeddable":true,"href":"https:\/\/boutique.notredamedelagarde.com\/fr\/wp-json\/wp\/v2\/media\/8279"}],"wp:attachment":[{"href":"https:\/\/boutique.notredamedelagarde.com\/fr\/wp-json\/wp\/v2\/media?parent=8298"}],"wp:term":[{"taxonomy":"product_cat","embeddable":true,"href":"https:\/\/boutique.notredamedelagarde.com\/fr\/wp-json\/wp\/v2\/product_cat?post=8298"},{"taxonomy":"product_tag","embeddable":true,"href":"https:\/\/boutique.notredamedelagarde.com\/fr\/wp-json\/wp\/v2\/product_tag?post=8298"}],"curies":[{"name":"wp","href":"https:\/\/api.w.org\/{rel}","templated":true}]}}