{"id":8306,"date":"2024-09-15T07:54:45","date_gmt":"2024-09-15T07:54:45","guid":{"rendered":"https:\/\/boutique.notredamedelagarde.com\/?post_type=product&#038;p=8306"},"modified":"2025-05-23T12:20:49","modified_gmt":"2025-05-23T12:20:49","slug":"chapelet-en-argent-plaque-rose-medaille-ndg-grains-1-mm","status":"publish","type":"product","link":"https:\/\/boutique.notredamedelagarde.com\/fr\/product\/chapelet-en-argent-plaque-rose-medaille-ndg-grains-1-mm\/","title":{"rendered":"Chapelet en argent plaqu\u00e9 ros\u00e9 &#8211; m\u00e9daille NDG grains 1 mm"},"content":{"rendered":"<p><strong>EXCLUSIVIT\u00c9<\/strong><\/p>\n<p>Chapelet en argent plaqu\u00e9 ros\u00e9 avec la m\u00e9daille Notre-Dame de la Garde et au verso la basilique.<br \/>\nAvec mousqueton.\u00a0Grains 1 mm.<br \/>\nR\u00e9alis\u00e9 exclusivement pour nous.<\/p>\n","protected":false},"excerpt":{"rendered":"<p>EXCLUSIVIT\u00c9 Chapelet en argent plaqu\u00e9 ros\u00e9 avec la m\u00e9daille Notre-Dame de la Garde et au verso la basilique. Avec mousqueton.\u00a0Grains 1 mm. R\u00e9alis\u00e9 exclusivement pour nous.<\/p>\n","protected":false},"featured_media":8273,"template":"","meta":[],"product_cat":[156],"product_tag":[],"acf":[],"_links":{"self":[{"href":"https:\/\/boutique.notredamedelagarde.com\/fr\/wp-json\/wp\/v2\/product\/8306"}],"collection":[{"href":"https:\/\/boutique.notredamedelagarde.com\/fr\/wp-json\/wp\/v2\/product"}],"about":[{"href":"https:\/\/boutique.notredamedelagarde.com\/fr\/wp-json\/wp\/v2\/types\/product"}],"wp:featuredmedia":[{"embeddable":true,"href":"https:\/\/boutique.notredamedelagarde.com\/fr\/wp-json\/wp\/v2\/media\/8273"}],"wp:attachment":[{"href":"https:\/\/boutique.notredamedelagarde.com\/fr\/wp-json\/wp\/v2\/media?parent=8306"}],"wp:term":[{"taxonomy":"product_cat","embeddable":true,"href":"https:\/\/boutique.notredamedelagarde.com\/fr\/wp-json\/wp\/v2\/product_cat?post=8306"},{"taxonomy":"product_tag","embeddable":true,"href":"https:\/\/boutique.notredamedelagarde.com\/fr\/wp-json\/wp\/v2\/product_tag?post=8306"}],"curies":[{"name":"wp","href":"https:\/\/api.w.org\/{rel}","templated":true}]}}