{"id":8308,"date":"2024-09-15T09:51:58","date_gmt":"2024-09-15T09:51:58","guid":{"rendered":"https:\/\/boutique.notredamedelagarde.com\/?post_type=product&#038;p=8308"},"modified":"2025-05-31T11:55:13","modified_gmt":"2025-05-31T11:55:13","slug":"collier-plaque-or-medaille-ndg-grains-1-mm","status":"publish","type":"product","link":"https:\/\/boutique.notredamedelagarde.com\/fr\/product\/collier-plaque-or-medaille-ndg-grains-1-mm\/","title":{"rendered":"Collier plaqu\u00e9 or &#8211; m\u00e9daille NDG grains 1 mm"},"content":{"rendered":"<p><strong>EXCLUSIVIT\u00c9<\/strong><\/p>\n<p>Collier en plaqu\u00e9 or avec la m\u00e9daille Notre-Dame de la Garde et au verso la basilique.<br \/>\nAvec mousqueton. Grains 1 mm. 45 cm longueur.<br \/>\nR\u00e9alis\u00e9 exclusivement pour nous.<\/p>\n","protected":false},"excerpt":{"rendered":"<p>EXCLUSIVIT\u00c9 Collier en plaqu\u00e9 or avec la m\u00e9daille Notre-Dame de la Garde et au verso la basilique. Avec mousqueton. Grains 1 mm. 45 cm longueur. R\u00e9alis\u00e9 exclusivement pour nous.<\/p>\n","protected":false},"featured_media":8324,"template":"","meta":[],"product_cat":[156],"product_tag":[],"acf":[],"_links":{"self":[{"href":"https:\/\/boutique.notredamedelagarde.com\/fr\/wp-json\/wp\/v2\/product\/8308"}],"collection":[{"href":"https:\/\/boutique.notredamedelagarde.com\/fr\/wp-json\/wp\/v2\/product"}],"about":[{"href":"https:\/\/boutique.notredamedelagarde.com\/fr\/wp-json\/wp\/v2\/types\/product"}],"wp:featuredmedia":[{"embeddable":true,"href":"https:\/\/boutique.notredamedelagarde.com\/fr\/wp-json\/wp\/v2\/media\/8324"}],"wp:attachment":[{"href":"https:\/\/boutique.notredamedelagarde.com\/fr\/wp-json\/wp\/v2\/media?parent=8308"}],"wp:term":[{"taxonomy":"product_cat","embeddable":true,"href":"https:\/\/boutique.notredamedelagarde.com\/fr\/wp-json\/wp\/v2\/product_cat?post=8308"},{"taxonomy":"product_tag","embeddable":true,"href":"https:\/\/boutique.notredamedelagarde.com\/fr\/wp-json\/wp\/v2\/product_tag?post=8308"}],"curies":[{"name":"wp","href":"https:\/\/api.w.org\/{rel}","templated":true}]}}