{"id":8531,"date":"2025-05-01T10:49:05","date_gmt":"2025-05-01T10:49:05","guid":{"rendered":"https:\/\/boutique.notredamedelagarde.com\/?post_type=product&#038;p=8531"},"modified":"2025-07-21T11:02:48","modified_gmt":"2025-07-21T11:02:48","slug":"medaille-notre-dame-de-la-garde-ronde-o14mm-argent-925","status":"publish","type":"product","link":"https:\/\/boutique.notredamedelagarde.com\/fr\/product\/medaille-notre-dame-de-la-garde-ronde-o14mm-argent-925\/","title":{"rendered":"M\u00e9daille Notre-Dame de La Garde ronde \u00f814mm &#8211; Argent 925"},"content":{"rendered":"<p>M\u00e9daille buste Notre-Dame de La Garde,\u00a0Argent 925\/1000.<br \/>\nVerso visuel de la basilique Notre-Dame de la Garde.<br \/>\nDiam\u00e8tre : \u00d8 14 mm.<br \/>\nFabrication fran\u00e7aise.<\/p>\n","protected":false},"excerpt":{"rendered":"<p>M\u00e9daille buste Notre-Dame de La Garde,\u00a0Argent 925\/1000. Verso visuel de la basilique Notre-Dame de la Garde. Diam\u00e8tre : \u00d8 14 mm. Fabrication fran\u00e7aise.<\/p>\n","protected":false},"featured_media":139,"template":"","meta":[],"product_cat":[56],"product_tag":[],"acf":[],"_links":{"self":[{"href":"https:\/\/boutique.notredamedelagarde.com\/fr\/wp-json\/wp\/v2\/product\/8531"}],"collection":[{"href":"https:\/\/boutique.notredamedelagarde.com\/fr\/wp-json\/wp\/v2\/product"}],"about":[{"href":"https:\/\/boutique.notredamedelagarde.com\/fr\/wp-json\/wp\/v2\/types\/product"}],"wp:featuredmedia":[{"embeddable":true,"href":"https:\/\/boutique.notredamedelagarde.com\/fr\/wp-json\/wp\/v2\/media\/139"}],"wp:attachment":[{"href":"https:\/\/boutique.notredamedelagarde.com\/fr\/wp-json\/wp\/v2\/media?parent=8531"}],"wp:term":[{"taxonomy":"product_cat","embeddable":true,"href":"https:\/\/boutique.notredamedelagarde.com\/fr\/wp-json\/wp\/v2\/product_cat?post=8531"},{"taxonomy":"product_tag","embeddable":true,"href":"https:\/\/boutique.notredamedelagarde.com\/fr\/wp-json\/wp\/v2\/product_tag?post=8531"}],"curies":[{"name":"wp","href":"https:\/\/api.w.org\/{rel}","templated":true}]}}